{"id":198,"date":"2024-12-21T00:13:34","date_gmt":"2024-12-21T00:13:34","guid":{"rendered":"https:\/\/bee-informed.de\/?page_id=198"},"modified":"2026-03-18T06:53:22","modified_gmt":"2026-03-18T06:53:22","slug":"home","status":"publish","type":"page","link":"https:\/\/bee-informed.de\/en\/","title":{"rendered":"Home"},"content":{"rendered":"<div data-elementor-type=\"wp-page\" data-elementor-id=\"198\" class=\"elementor elementor-198\" data-elementor-post-type=\"page\">\n\t\t\t\t<div class=\"elementor-element elementor-element-b381a4d e-flex e-con-boxed e-con e-parent\" data-id=\"b381a4d\" data-element_type=\"container\" data-e-type=\"container\">\n\t\t\t\t\t<div class=\"e-con-inner\">\n\t\t\t\t<div class=\"elementor-element elementor-element-01d0361 elementor-widget__width-auto elementor-pagination-position-outside elementor-widget elementor-widget-image-carousel\" data-id=\"01d0361\" data-element_type=\"widget\" data-e-type=\"widget\" data-settings=\"{&quot;navigation&quot;:&quot;dots&quot;,&quot;image_spacing_custom&quot;:{&quot;unit&quot;:&quot;px&quot;,&quot;size&quot;:29,&quot;sizes&quot;:[]},&quot;autoplay&quot;:&quot;yes&quot;,&quot;pause_on_hover&quot;:&quot;yes&quot;,&quot;pause_on_interaction&quot;:&quot;yes&quot;,&quot;autoplay_speed&quot;:5000,&quot;infinite&quot;:&quot;yes&quot;,&quot;speed&quot;:500,&quot;image_spacing_custom_tablet&quot;:{&quot;unit&quot;:&quot;px&quot;,&quot;size&quot;:&quot;&quot;,&quot;sizes&quot;:[]},&quot;image_spacing_custom_mobile&quot;:{&quot;unit&quot;:&quot;px&quot;,&quot;size&quot;:&quot;&quot;,&quot;sizes&quot;:[]}}\" data-widget_type=\"image-carousel.default\">\n\t\t\t\t<div class=\"elementor-widget-container\">\n\t\t\t\t\t\t\t<div class=\"elementor-image-carousel-wrapper swiper\" role=\"region\" aria-roledescription=\"carousel\" aria-label=\"Bild Karussell\" dir=\"ltr\">\n\t\t\t<div class=\"elementor-image-carousel swiper-wrapper swiper-image-stretch\" aria-live=\"off\">\n\t\t\t\t\t\t\t\t<div class=\"swiper-slide\" role=\"group\" aria-roledescription=\"slide\" aria-label=\"1 of 3\"><figure class=\"swiper-slide-inner\"><img decoding=\"async\" class=\"swiper-slide-image\" src=\"https:\/\/bee-informed.de\/wp-content\/uploads\/2024\/11\/Bild33.jpg.png\" alt=\"\u00a9 TU Braunschweig\" \/><figcaption class=\"elementor-image-carousel-caption\">\u00a9 TU Braunschweig<\/figcaption><\/figure><\/div><div class=\"swiper-slide\" role=\"group\" aria-roledescription=\"slide\" aria-label=\"2 of 3\"><figure class=\"swiper-slide-inner\"><img decoding=\"async\" class=\"swiper-slide-image\" src=\"https:\/\/bee-informed.de\/wp-content\/uploads\/2024\/12\/Wassertropfen-768x752.png\" alt=\"\u00a9 TU Braunschweig\" \/><figcaption class=\"elementor-image-carousel-caption\">\u00a9 TU Braunschweig<\/figcaption><\/figure><\/div><div class=\"swiper-slide\" role=\"group\" aria-roledescription=\"slide\" aria-label=\"3 of 3\"><figure class=\"swiper-slide-inner\"><img decoding=\"async\" class=\"swiper-slide-image\" src=\"https:\/\/bee-informed.de\/wp-content\/uploads\/2024\/12\/dieelektrophorese-768x723.png\" alt=\"\u00a9 TU Braunschweig\" \/><figcaption class=\"elementor-image-carousel-caption\">\u00a9 TU Braunschweig<\/figcaption><\/figure><\/div>\t\t\t<\/div>\n\t\t\t\t\t\t\t\n\t\t\t\t\t\t\t\t\t<div class=\"swiper-pagination\"><\/div>\n\t\t\t\t\t\t\t\t\t<\/div>\n\t\t\t\t\t\t<\/div>\n\t\t\t\t<\/div>\n\t\t\t\t\t<\/div>\n\t\t\t\t<\/div>\n\t\t<div class=\"elementor-element elementor-element-955c303 e-flex e-con-boxed e-con e-parent\" data-id=\"955c303\" data-element_type=\"container\" data-e-type=\"container\">\n\t\t\t\t\t<div class=\"e-con-inner\">\n\t\t<div class=\"elementor-element elementor-element-cc6615d e-con-full e-flex e-con e-child\" data-id=\"cc6615d\" data-element_type=\"container\" data-e-type=\"container\">\n\t\t\t\t<div class=\"elementor-element elementor-element-f71e084 elementor-widget elementor-widget-video\" data-id=\"f71e084\" data-element_type=\"widget\" data-e-type=\"widget\" data-settings=\"{&quot;youtube_url&quot;:&quot;https:\\\/\\\/www.youtube.com\\\/shorts\\\/D9oM8KuVmgU&quot;,&quot;end&quot;:63,&quot;video_type&quot;:&quot;youtube&quot;,&quot;controls&quot;:&quot;yes&quot;}\" data-widget_type=\"video.default\">\n\t\t\t\t<div class=\"elementor-widget-container\">\n\t\t\t\t\t\t\t<div class=\"elementor-wrapper elementor-open-inline\">\n\t\t\t<div class=\"elementor-video\"><\/div>\t\t<\/div>\n\t\t\t\t\t\t<\/div>\n\t\t\t\t<\/div>\n\t\t\t\t<\/div>\n\t\t<div class=\"elementor-element elementor-element-b13e35d e-con-full e-flex e-con e-child\" data-id=\"b13e35d\" data-element_type=\"container\" data-e-type=\"container\">\n\t\t<div class=\"elementor-element elementor-element-c1da897 e-con-full e-flex e-con e-child\" data-id=\"c1da897\" data-element_type=\"container\" data-e-type=\"container\">\n\t\t\t\t<div class=\"elementor-element elementor-element-bb60b55 elementor-widget elementor-widget-text-editor\" data-id=\"bb60b55\" data-element_type=\"widget\" data-e-type=\"widget\" data-widget_type=\"text-editor.default\">\n\t\t\t\t<div class=\"elementor-widget-container\">\n\t\t\t\t\t\t\t\t\t<p>Du bist auf unserer neuen Seite, da dir entweder unser Video oder eines unserer Plakate aufgefallen ist, und du nun mehr \u00fcber Bioelectronics Engineering wissen willst? Herzlich willkommen! Hier findest Du erste Informationen dar\u00fcber. Dir ist auf jeden Fall schon mal ein Ger\u00e4t begegnet, das dank Bioelectronics Engineering entstanden ist, wie z.B. Fitness-Uhren, H\u00f6rger\u00e4te und VR-Headsets, aber die Entwicklung geht in vielen Bereichen wie Medizin, Umweltanalytik, Agrarwissenschaft aber auch Unterhaltungselektronik deutlich dar\u00fcber hinaus. In den folgenden Seiten findest du Informationen \u00fcber Bioelectronics Engineering im Allgemeinen und aktuelle Forschung in diesem Gebiet sowohl national als auch international.<\/p><p>Wenn ihr dieses Gebiet studieren wollt, k\u00f6nnte euch der gleichnamige Studiengang an der TU Braunschweig interessieren. Mehr Infos dazu gibt es <a href=\"https:\/\/www.tu-braunschweig.de\/eitp\/studieninteressierte\/bee\">hier<\/a>.<\/p>\t\t\t\t\t\t\t\t<\/div>\n\t\t\t\t<\/div>\n\t\t\t\t<\/div>\n\t\t<div class=\"elementor-element elementor-element-487a39b e-con-full e-flex e-con e-child\" data-id=\"487a39b\" data-element_type=\"container\" data-e-type=\"container\">\n\t\t\t\t<div class=\"elementor-element elementor-element-11c97c7 elementor-position-top elementor-widget elementor-widget-image-box\" data-id=\"11c97c7\" data-element_type=\"widget\" data-e-type=\"widget\" data-widget_type=\"image-box.default\">\n\t\t\t\t<div class=\"elementor-widget-container\">\n\t\t\t\t\t<div class=\"elementor-image-box-wrapper\"><figure class=\"elementor-image-box-img\"><a href=\"https:\/\/bee-informed.de\/en\/bioelectronics-engineering\/\" tabindex=\"-1\"><img fetchpriority=\"high\" decoding=\"async\" width=\"225\" height=\"300\" src=\"https:\/\/bee-informed.de\/wp-content\/uploads\/2025\/01\/IMG_20221202_161700-225x300.jpg\" class=\"attachment-medium size-medium wp-image-317\" alt=\"\" srcset=\"https:\/\/bee-informed.de\/wp-content\/uploads\/2025\/01\/IMG_20221202_161700-225x300.jpg 225w, https:\/\/bee-informed.de\/wp-content\/uploads\/2025\/01\/IMG_20221202_161700-768x1024.jpg 768w, https:\/\/bee-informed.de\/wp-content\/uploads\/2025\/01\/IMG_20221202_161700-1152x1536.jpg 1152w, https:\/\/bee-informed.de\/wp-content\/uploads\/2025\/01\/IMG_20221202_161700-1536x2048.jpg 1536w, https:\/\/bee-informed.de\/wp-content\/uploads\/2025\/01\/IMG_20221202_161700-scaled.jpg 1920w\" sizes=\"(max-width: 225px) 100vw, 225px\" \/><\/a><\/figure><div class=\"elementor-image-box-content\"><h3 class=\"elementor-image-box-title\"><a href=\"https:\/\/bee-informed.de\/en\/bioelectronics-engineering\/\">Bioelectronics Engineering<\/a><\/h3><p class=\"elementor-image-box-description\">\u00a9 TU Braunschweig<\/p><\/div><\/div>\t\t\t\t<\/div>\n\t\t\t\t<\/div>\n\t\t\t\t<div class=\"elementor-element elementor-element-abfce79 elementor-position-top elementor-widget elementor-widget-image-box\" data-id=\"abfce79\" data-element_type=\"widget\" data-e-type=\"widget\" data-widget_type=\"image-box.default\">\n\t\t\t\t<div class=\"elementor-widget-container\">\n\t\t\t\t\t<div class=\"elementor-image-box-wrapper\"><figure class=\"elementor-image-box-img\"><a href=\"https:\/\/www.tu-braunschweig.de\/eitp\/studieninteressierte\/bee\" tabindex=\"-1\"><img decoding=\"async\" width=\"198\" height=\"74\" src=\"https:\/\/bee-informed.de\/wp-content\/uploads\/2024\/11\/tu_braunschweig_logo.svg\" class=\"attachment-medium size-medium wp-image-372\" alt=\"\" \/><\/a><\/figure><div class=\"elementor-image-box-content\"><h3 class=\"elementor-image-box-title\"><a href=\"https:\/\/www.tu-braunschweig.de\/eitp\/studieninteressierte\/bee\">Studiengang Bioelectronics Engineering<\/a><\/h3><\/div><\/div>\t\t\t\t<\/div>\n\t\t\t\t<\/div>\n\t\t\t\t<\/div>\n\t\t\t\t<\/div>\n\t\t\t\t\t<\/div>\n\t\t\t\t<\/div>\n\t\t\t\t<\/div>","protected":false},"excerpt":{"rendered":"<p>\u00a9 TU Braunschweig \u00a9 TU Braunschweig \u00a9 TU Braunschweig https:\/\/www.youtube.com\/shorts\/D9oM8KuVmgU Du bist auf unserer neuen Seite, da dir entweder unser Video oder eines unserer Plakate aufgefallen ist, und du nun mehr \u00fcber Bioelectronics Engineering wissen willst? Herzlich willkommen! Hier findest Du erste Informationen dar\u00fcber. Dir ist auf jeden Fall schon mal ein Ger\u00e4t begegnet, das [&hellip;]<\/p>\n","protected":false},"author":1,"featured_media":0,"parent":0,"menu_order":1,"comment_status":"closed","ping_status":"closed","template":"elementor_theme","meta":{"footnotes":""},"class_list":["post-198","page","type-page","status-publish","hentry"],"_links":{"self":[{"href":"https:\/\/bee-informed.de\/en\/wp-json\/wp\/v2\/pages\/198","targetHints":{"allow":["GET"]}}],"collection":[{"href":"https:\/\/bee-informed.de\/en\/wp-json\/wp\/v2\/pages"}],"about":[{"href":"https:\/\/bee-informed.de\/en\/wp-json\/wp\/v2\/types\/page"}],"author":[{"embeddable":true,"href":"https:\/\/bee-informed.de\/en\/wp-json\/wp\/v2\/users\/1"}],"replies":[{"embeddable":true,"href":"https:\/\/bee-informed.de\/en\/wp-json\/wp\/v2\/comments?post=198"}],"version-history":[{"count":68,"href":"https:\/\/bee-informed.de\/en\/wp-json\/wp\/v2\/pages\/198\/revisions"}],"predecessor-version":[{"id":635,"href":"https:\/\/bee-informed.de\/en\/wp-json\/wp\/v2\/pages\/198\/revisions\/635"}],"wp:attachment":[{"href":"https:\/\/bee-informed.de\/en\/wp-json\/wp\/v2\/media?parent=198"}],"curies":[{"name":"wp","href":"https:\/\/api.w.org\/{rel}","templated":true}]}}