{"id":260,"date":"2024-12-21T14:39:39","date_gmt":"2024-12-21T14:39:39","guid":{"rendered":"https:\/\/bee-informed.de\/?page_id=260"},"modified":"2024-12-21T14:40:20","modified_gmt":"2024-12-21T14:40:20","slug":"impressum","status":"publish","type":"page","link":"https:\/\/bee-informed.de\/en\/impressum\/","title":{"rendered":"Legal notice"},"content":{"rendered":"<div data-elementor-type=\"wp-page\" data-elementor-id=\"260\" class=\"elementor elementor-260\" data-elementor-post-type=\"page\">\n\t\t\t\t<div class=\"elementor-element elementor-element-283932c e-flex e-con-boxed e-con e-parent\" data-id=\"283932c\" data-element_type=\"container\" data-e-type=\"container\">\n\t\t\t\t\t<div class=\"e-con-inner\">\n\t\t\t\t<div class=\"elementor-element elementor-element-84e9f35 elementor-widget elementor-widget-heading\" data-id=\"84e9f35\" data-element_type=\"widget\" data-e-type=\"widget\" data-widget_type=\"heading.default\">\n\t\t\t\t<div class=\"elementor-widget-container\">\n\t\t\t\t\t<h2 class=\"elementor-heading-title elementor-size-default\">Legal notice<\/h2>\t\t\t\t<\/div>\n\t\t\t\t<\/div>\n\t\t\t\t\t<\/div>\n\t\t\t\t<\/div>\n\t\t<div class=\"elementor-element elementor-element-848293e e-flex e-con-boxed e-con e-parent\" data-id=\"848293e\" data-element_type=\"container\" data-e-type=\"container\">\n\t\t\t\t\t<div class=\"e-con-inner\">\n\t\t\t\t<div class=\"elementor-element elementor-element-5e99933 elementor-widget elementor-widget-text-editor\" data-id=\"5e99933\" data-element_type=\"widget\" data-e-type=\"widget\" data-widget_type=\"text-editor.default\">\n\t\t\t\t<div class=\"elementor-widget-container\">\n\t\t\t\t\t\t\t\t\t<div id=\"c46956\" class=\"frame frame--type-text frame--small-margin-bottom\"><p style=\"text-align: left;\" class=\"translation-block\">Technische Universit\u00e4t Braunschweig\nBienroder Weg 94\n38106 Braunschweig\nP.O. Box: 38092 Braunschweig\nphone: +49 (531) 391-8001\ne-mail: beehive@bee-informed.de<\/p><p style=\"text-align: left;\">The Technische Universit\u00e4t Braunschweig is a public corporation. It is legally represented by the President<br \/>Prof. Dr. Angela Ittel.<\/p><\/div><div id=\"c46953\" class=\"frame frame--type-text frame--small-margin-bottom\" style=\"text-align: left;\"><h4>Responsible regulatory authority<\/h4><p>Lower Saxony Ministry for Science and Culture<br \/>Leibnizufer 9<br \/>30169 Hannover<br \/><a title=\"externes Angebot\" href=\"http:\/\/www.mwk.niedersachsen.de\/master\/C344107_N6959_L20_D0_I731.html\" target=\"_blank\" rel=\"noopener noreferrer\">www.mwk.niedersachsen.de<\/a><\/p><\/div><div id=\"c46951\" class=\"frame frame--type-text frame--small-margin-bottom\" style=\"text-align: left;\"><h4>VAT ID number:<\/h4><p>DE 152330858<\/p><\/div><div id=\"c46949\" class=\"frame frame--type-text frame--small-margin-bottom\" style=\"text-align: left;\"><h4>Responsible in the sense of \u00a718 para. 2 MStV:<\/h4><p>This is an off-site www.tu-braunschweig.de decentralised service provided by the Institute for High-Frequency Technology at the Technical University of Braunschweig. The responsible person is<\/p><p>Institut f\u00fcr Hochfrequenztechnik<br \/>Technische Universit\u00e4t Braunschweig<\/p><p>Prof. Dr.-Ing. Wolfgang Kowalsky<\/p><p>Schleinitzstra\u00dfe 22 (Room 121)\u00a0<br \/>38106 Braunschweig<\/p><p>e-mail: beehive@bee-informed.de<\/p><\/div><div id=\"c46945\" class=\"frame frame--type-text frame--small-margin-bottom\" style=\"text-align: left;\"><h4>Technical webmaster:<\/h4><p>Server\/system administration:\u00a0<a href=\"https:\/\/www.tu-braunschweig.de\/it\">Gau\u00df-IT-Zentrum<\/a><\/p><\/div><div id=\"c46943\" class=\"frame frame--type-text frame--small-margin-bottom\"><h4 style=\"text-align: left;\">Disclaimer:<\/h4><p style=\"text-align: left;\">The Regional Court of Hamburg has ruled that the inclusion of a link may give rise to co-responsibility for the content of the linked page. According to the court, this can only be prevented by expressly distancing oneself from this content. For this purpose, we have formulated liability conditions.<\/p><\/div>\t\t\t\t\t\t\t\t<\/div>\n\t\t\t\t<\/div>\n\t\t\t\t\t<\/div>\n\t\t\t\t<\/div>\n\t\t\t\t<\/div>","protected":false},"excerpt":{"rendered":"<p>Impressum Technische Universit\u00e4t BraunschweigBienroder Weg 9438106 BraunschweigPostfach: 38092 BraunschweigTelefon: +49 (531) 391-8001E-Mail: beehive@bee-informed.de Die Technische Universit\u00e4t Braunschweig ist eine K\u00f6rperschaft des \u00d6ffentlichen Rechts. Sie wird gesetzlich vertreten durch Pr\u00e4sidentinProf. Dr. Angela Ittel. Zust\u00e4ndige Aufsichtsbeh\u00f6rde: Nieders\u00e4chsisches Ministerium f\u00fcr Wissenschaft und KulturLeibnizufer 930169 Hannoverwww.mwk.niedersachsen.de Umsatzsteuer-ID-Nummer: DE 152330858 Verantwortlich i.S.d.P.\/\u00a718 Abs. 2 MStV: Dies ist eine au\u00dferhalb des [&hellip;]<\/p>\n","protected":false},"author":1,"featured_media":0,"parent":0,"menu_order":0,"comment_status":"closed","ping_status":"closed","template":"","meta":{"footnotes":""},"class_list":["post-260","page","type-page","status-publish","hentry"],"_links":{"self":[{"href":"https:\/\/bee-informed.de\/en\/wp-json\/wp\/v2\/pages\/260","targetHints":{"allow":["GET"]}}],"collection":[{"href":"https:\/\/bee-informed.de\/en\/wp-json\/wp\/v2\/pages"}],"about":[{"href":"https:\/\/bee-informed.de\/en\/wp-json\/wp\/v2\/types\/page"}],"author":[{"embeddable":true,"href":"https:\/\/bee-informed.de\/en\/wp-json\/wp\/v2\/users\/1"}],"replies":[{"embeddable":true,"href":"https:\/\/bee-informed.de\/en\/wp-json\/wp\/v2\/comments?post=260"}],"version-history":[{"count":4,"href":"https:\/\/bee-informed.de\/en\/wp-json\/wp\/v2\/pages\/260\/revisions"}],"predecessor-version":[{"id":264,"href":"https:\/\/bee-informed.de\/en\/wp-json\/wp\/v2\/pages\/260\/revisions\/264"}],"wp:attachment":[{"href":"https:\/\/bee-informed.de\/en\/wp-json\/wp\/v2\/media?parent=260"}],"curies":[{"name":"wp","href":"https:\/\/api.w.org\/{rel}","templated":true}]}}