{"id":265,"date":"2024-12-21T14:40:31","date_gmt":"2024-12-21T14:40:31","guid":{"rendered":"https:\/\/bee-informed.de\/?page_id=265"},"modified":"2024-12-21T14:42:08","modified_gmt":"2024-12-21T14:42:08","slug":"haftung","status":"publish","type":"page","link":"https:\/\/bee-informed.de\/en\/haftung\/","title":{"rendered":"Liability"},"content":{"rendered":"<div data-elementor-type=\"wp-page\" data-elementor-id=\"265\" class=\"elementor elementor-265\" data-elementor-post-type=\"page\">\n\t\t\t\t<div class=\"elementor-element elementor-element-9cba65b e-flex e-con-boxed e-con e-parent\" data-id=\"9cba65b\" data-element_type=\"container\" data-e-type=\"container\">\n\t\t\t\t\t<div class=\"e-con-inner\">\n\t\t\t\t<div class=\"elementor-element elementor-element-b98e2c2 elementor-widget elementor-widget-heading\" data-id=\"b98e2c2\" data-element_type=\"widget\" data-e-type=\"widget\" data-widget_type=\"heading.default\">\n\t\t\t\t<div class=\"elementor-widget-container\">\n\t\t\t\t\t<h2 class=\"elementor-heading-title elementor-size-default\">Liability<\/h2>\t\t\t\t<\/div>\n\t\t\t\t<\/div>\n\t\t\t\t\t<\/div>\n\t\t\t\t<\/div>\n\t\t<div class=\"elementor-element elementor-element-a53f305 e-flex e-con-boxed e-con e-parent\" data-id=\"a53f305\" data-element_type=\"container\" data-e-type=\"container\">\n\t\t\t\t\t<div class=\"e-con-inner\">\n\t\t\t\t<div class=\"elementor-element elementor-element-639829e elementor-widget elementor-widget-text-editor\" data-id=\"639829e\" data-element_type=\"widget\" data-e-type=\"widget\" data-widget_type=\"text-editor.default\">\n\t\t\t\t<div class=\"elementor-widget-container\">\n\t\t\t\t\t\t\t\t\t<div id=\"c47099\" class=\"frame frame--type-text frame--extra-small-margin-bottom\"><p>The Carolo-Wilhelmina University of Technology hereafter referred to as TU:<\/p><\/div><div id=\"c47098\" class=\"frame frame--type-text frame--large-margin-bottom\"><ol><li><strong>Content of the online offer<\/strong><br \/>The TU assumes no liability for the topicality, correctness, completeness or quality of the information provided. Liability claims relating to material or immaterial damage caused by the use or non-use of the information provided or by the use of incorrect or incomplete information are fundamentally excluded, unless it can be proven that TU employees have acted with intent or gross negligence, unless there is a culpable breach of essential contractual obligations or cardinal obligations. In this case, TU's liability is limited to typical damages foreseeable at the time the user relationship was established. The amount of liability is limited to 500 euros, except in the case of wilfully caused damage.<br \/><br \/>All offers are non-binding. Parts of the pages or the complete publication including all offers and information might be extended, changed or partly or completely deleted by the TU without separate announcement.<br \/>\u00a0<\/li><li><strong>Verweise\/Verkn\u00fcpfungen (&#8222;Links&#8220;)<\/strong><br \/>Bei direkten oder indirekten Verweisen (&#8222;Links&#8220;) auf fremde Internetseiten, die au\u00dferhalb des Verantwortungsbereiches der TU liegen, w\u00fcrde eine Haftungspflicht ausschlie\u00dflich in dem Fall gegeben sein, in dem der Autor von den Inhalten Kenntnis hat und es ihm technisch m\u00f6glich und zumutbar w\u00e4re, die Nutzung rechtswidriger Inhalte zu verhindern.<br \/><br \/>TU hereby expressly declares that at the time the links were created, no illegal content was discernible on the linked pages. The TU has no influence on the current and future design, content and\/or authorship of the linked pages. For this reason, the TU expressly distances itself from all linked pages that have been changed since the link was created. This statement applies to all links and referrals within the TU's own website as well as to third-party entries in guest books, discussion forums and mailing lists set up by the author. For illegal, incorrect or incomplete contents and in particular for damages resulting from the use of such information, only the provider of the page referred to is liable, not the person who merely refers to the respective publication via links.<br \/>\u00a0<\/li><li><strong>Copyright and Trademark law<\/strong><br \/>TU endeavours to observe the copyrights of the graphics, sound documents, video sequences and texts used in all publications.<br \/><br \/>All brands and trademarks mentioned within this Internet offer and possibly protected by third parties are subject without restriction to the provisions of the applicable trademark law and the ownership rights of the respective registered owners. The mere mention of trademarks does not imply that they are not protected by the rights of third parties.<br \/><br \/>The copyright for any material created by the author is reserved. Any duplication or use of objects such as images, diagrams, sounds or texts in other electronic or printed publications is not permitted without the author's agreement. This does not apply to press releases.<br \/>\u00a0<\/li><li><strong>Privacy policy<\/strong><br \/>If the opportunity for the input of personal or business data (email addresses, name, addresses) is given, the input of these data takes place voluntarily. The use and payment of all offered services are permitted - if and so far technically possible and reasonable - without specification of any personal data or under specification of anonymised data or an alias.<br \/>Further information on the\u00a0<a href=\"https:\/\/www.tu-braunschweig.de\/datenschutzerklaerung\">Privacy policy<\/a><br \/>\u00a0<\/li><li><strong>Legal validity of this disclaimer<\/strong><br \/>If parts or individual formulations of these liability regulations should not, no longer or not completely correspond to the valid legal situation, the remaining regulations remain valid in their contents and their validity.<\/li><\/ol><p>\u00a0<\/p><\/div>\t\t\t\t\t\t\t\t<\/div>\n\t\t\t\t<\/div>\n\t\t\t\t\t<\/div>\n\t\t\t\t<\/div>\n\t\t\t\t<\/div>","protected":false},"excerpt":{"rendered":"<p>Haftung Die Technische Universit\u00e4t Carolo-Wilhelmina wird im Folgenden als TU abgek\u00fcrzt: Inhalt des OnlineangebotesDie TU \u00fcbernimmt keine Gew\u00e4hr f\u00fcr die Aktualit\u00e4t, Korrektheit, Vollst\u00e4ndigkeit oder Qualit\u00e4t der von ihr bereitgestellten Informationen. Grunds\u00e4tzlich ausgeschlossen sind Haftungsanspr\u00fcche, welche sich auf Sch\u00e4den materieller oder ideeller Art beziehen, die durch die Nutzung oder Nichtnutzung der dargebotenen Informationen bzw. durch die [&hellip;]<\/p>\n","protected":false},"author":1,"featured_media":0,"parent":0,"menu_order":0,"comment_status":"closed","ping_status":"closed","template":"","meta":{"footnotes":""},"class_list":["post-265","page","type-page","status-publish","hentry"],"_links":{"self":[{"href":"https:\/\/bee-informed.de\/en\/wp-json\/wp\/v2\/pages\/265","targetHints":{"allow":["GET"]}}],"collection":[{"href":"https:\/\/bee-informed.de\/en\/wp-json\/wp\/v2\/pages"}],"about":[{"href":"https:\/\/bee-informed.de\/en\/wp-json\/wp\/v2\/types\/page"}],"author":[{"embeddable":true,"href":"https:\/\/bee-informed.de\/en\/wp-json\/wp\/v2\/users\/1"}],"replies":[{"embeddable":true,"href":"https:\/\/bee-informed.de\/en\/wp-json\/wp\/v2\/comments?post=265"}],"version-history":[{"count":4,"href":"https:\/\/bee-informed.de\/en\/wp-json\/wp\/v2\/pages\/265\/revisions"}],"predecessor-version":[{"id":269,"href":"https:\/\/bee-informed.de\/en\/wp-json\/wp\/v2\/pages\/265\/revisions\/269"}],"wp:attachment":[{"href":"https:\/\/bee-informed.de\/en\/wp-json\/wp\/v2\/media?parent=265"}],"curies":[{"name":"wp","href":"https:\/\/api.w.org\/{rel}","templated":true}]}}