{"id":673,"date":"2026-01-21T10:48:40","date_gmt":"2026-01-21T10:48:40","guid":{"rendered":"https:\/\/bee-informed.de\/?page_id=673"},"modified":"2026-05-06T12:56:59","modified_gmt":"2026-05-06T12:56:59","slug":"umwelt%e2%80%91bioelektronik-oekosystem%e2%80%91sensorik","status":"publish","type":"page","link":"https:\/\/bee-informed.de\/en\/umwelt%e2%80%91bioelektronik-oekosystem%e2%80%91sensorik\/","title":{"rendered":"Umwelt\u2011Bioelektronik &#038; \u00d6kosystem\u2011Sensorik"},"content":{"rendered":"<div data-elementor-type=\"wp-page\" data-elementor-id=\"673\" class=\"elementor elementor-673\" data-elementor-post-type=\"page\">\n\t\t\t\t<div class=\"elementor-element elementor-element-3dd6c79 e-flex e-con-boxed e-con e-parent\" data-id=\"3dd6c79\" data-element_type=\"container\" data-e-type=\"container\">\n\t\t\t\t\t<div class=\"e-con-inner\">\n\t\t\t\t<div class=\"elementor-element elementor-element-8906b7c elementor-widget__width-inherit elementor-widget elementor-widget-heading\" data-id=\"8906b7c\" data-element_type=\"widget\" data-e-type=\"widget\" data-widget_type=\"heading.default\">\n\t\t\t\t<div class=\"elementor-widget-container\">\n\t\t\t\t\t<h2 class=\"elementor-heading-title elementor-size-default\">Umwelt\u2011Bioelektronik &amp; \u00d6kosystem\u2011Sensorik<\/h2>\t\t\t\t<\/div>\n\t\t\t\t<\/div>\n\t\t\t\t\t<\/div>\n\t\t\t\t<\/div>\n\t\t<div class=\"elementor-element elementor-element-0302a9d e-flex e-con-boxed e-con e-parent\" data-id=\"0302a9d\" data-element_type=\"container\" data-e-type=\"container\">\n\t\t\t\t\t<div class=\"e-con-inner\">\n\t\t\t\t<div class=\"elementor-element elementor-element-e61d349 elementor-widget-divider--view-line elementor-widget elementor-widget-divider\" data-id=\"e61d349\" data-element_type=\"widget\" data-e-type=\"widget\" data-widget_type=\"divider.default\">\n\t\t\t\t<div class=\"elementor-widget-container\">\n\t\t\t\t\t\t\t<div class=\"elementor-divider\">\n\t\t\t<span class=\"elementor-divider-separator\">\n\t\t\t\t\t\t<\/span>\n\t\t<\/div>\n\t\t\t\t\t\t<\/div>\n\t\t\t\t<\/div>\n\t\t\t\t\t<\/div>\n\t\t\t\t<\/div>\n\t\t<div class=\"elementor-element elementor-element-d9c51b7 e-flex e-con-boxed e-con e-parent\" data-id=\"d9c51b7\" data-element_type=\"container\" data-e-type=\"container\">\n\t\t\t\t\t<div class=\"e-con-inner\">\n\t\t<div class=\"elementor-element elementor-element-87b4fdc e-con-full e-flex e-con e-child\" data-id=\"87b4fdc\" data-element_type=\"container\" data-e-type=\"container\">\n\t\t\t\t<div class=\"elementor-element elementor-element-9099d89 elementor-widget elementor-widget-image\" data-id=\"9099d89\" data-element_type=\"widget\" data-e-type=\"widget\" data-widget_type=\"image.default\">\n\t\t\t\t<div class=\"elementor-widget-container\">\n\t\t\t\t\t\t\t\t\t\t\t\t\t\t\t<img fetchpriority=\"high\" decoding=\"async\" width=\"800\" height=\"450\" src=\"https:\/\/bee-informed.de\/wp-content\/uploads\/2026\/01\/Design-ohne-Titel-3-1024x576.jpg\" class=\"attachment-large size-large wp-image-668\" alt=\"\" srcset=\"https:\/\/bee-informed.de\/wp-content\/uploads\/2026\/01\/Design-ohne-Titel-3-1024x576.jpg 1024w, https:\/\/bee-informed.de\/wp-content\/uploads\/2026\/01\/Design-ohne-Titel-3-300x169.jpg 300w, https:\/\/bee-informed.de\/wp-content\/uploads\/2026\/01\/Design-ohne-Titel-3-768x432.jpg 768w, https:\/\/bee-informed.de\/wp-content\/uploads\/2026\/01\/Design-ohne-Titel-3-18x10.jpg 18w, https:\/\/bee-informed.de\/wp-content\/uploads\/2026\/01\/Design-ohne-Titel-3.jpg 1366w\" sizes=\"(max-width: 800px) 100vw, 800px\" \/>\t\t\t\t\t\t\t\t\t\t\t\t\t\t\t<\/div>\n\t\t\t\t<\/div>\n\t\t\t\t<\/div>\n\t\t<div class=\"elementor-element elementor-element-58b84c0 e-con-full e-flex e-con e-child\" data-id=\"58b84c0\" data-element_type=\"container\" data-e-type=\"container\">\n\t\t\t\t<div class=\"elementor-element elementor-element-d03f967 elementor-widget elementor-widget-text-editor\" data-id=\"d03f967\" data-element_type=\"widget\" data-e-type=\"widget\" data-widget_type=\"text-editor.default\">\n\t\t\t\t<div class=\"elementor-widget-container\">\n\t\t\t\t\t\t\t\t\t<p data-start=\"500\" data-end=\"1192\"><span style=\"color: #333333;\">Umwelt\u2011Bioelektronik bezeichnet bioelektronische Systeme, die nat\u00fcrliche biologische Prozesse oder biologische Erkennungsmechanismen nutzen, um Umweltdaten in Echtzeit zu erfassen. Im Gegensatz zu klassischen Sensoren, die meist chemische Grenzwerte messen (z.\u202fB. pH oder Temperatur), verbinden bioelektronische Systeme biologische Sensitivit\u00e4t mit elektronischer Auslesung \u2013 etwa durch lebende Zellen oder biomimetische Rezeptoren, die auf mikrobielle Aktivit\u00e4t, Schadstoffstress oder \u00f6kologische Ver\u00e4nderungen reagieren. Das erm\u00f6glicht fr\u00fchzeitige, komplexe Diagnosen von Zust\u00e4nden in Gew\u00e4ssern, B\u00f6den oder der Luft.<\/span><\/p><h5><span style=\"color: #333333;\"><strong>Wissenschaftlicher Kontext &amp; Abgrenzung<\/strong><\/span><\/h5><p data-start=\"1194\" data-end=\"1737\"><span style=\"color: #333333;\">Heute eingesetzte Umweltmesstechnik st\u00fctzt sich oft auf Einzelmessgr\u00f6\u00dfen oder Laboranalysen f\u00fcr Stichproben. Zukunftstr\u00e4chtige Umwelt\u2011Bioelektronik fokussiert auf kontinuierliche biologische Reaktionen und Netzwerke intelligenter Sensoren, die \u00f6kosystemische Ver\u00e4nderungen prognostizieren, bevor Sch\u00e4den auftreten. Diese Systeme k\u00f6nnen Ver\u00e4nderungsmuster in komplexen biologischen Signalen erkennen, anstatt nur einzelne chemische Parameter zu messen.<\/span><\/p><h5 data-start=\"1739\" data-end=\"1769\"><span style=\"color: #333333;\"><strong>Forschungsteams &amp; Projekte<\/strong><\/span><\/h5><p data-start=\"1952\" data-end=\"2106\"><span style=\"color: #333333;\"><a style=\"color: #333333;\" href=\"https:\/\/tu-dresden.de\/mn\/physik\/iap\/optoelektronik\/forschung\/projekte\/biotronis-materials-and-systems-for-bioelectronics-a-network-in-saxony\"><span style=\"color: #3366ff;\">Fraunhofer\u2011Netzwerk BiotroNiS (Sachsen)<\/span><\/a>\u00a0\u2013 Kooperation zur Entwicklung bioelektronischer Materialien &amp; Systeme.<\/span><\/p><p data-start=\"2109\" data-end=\"2286\"><span style=\"color: #333333;\"><a style=\"color: #333333;\" href=\"https:\/\/cfaed.tu-dresden.de\/about-cfaed\"><span style=\"color: #3366ff;\">Center for Advancing Electronics Dresden (cfaed)<\/span><\/a>\u00a0\u2013 materialbasierte bioinspirierte Elektronik und biologische Informationsverarbeitung.<\/span><\/p><p><span style=\"color: #333333;\"><a style=\"color: #333333;\" href=\"https:\/\/liu.se\/en\/research\/laboratory-of-organic-electronics\/electronic-plants\"><span style=\"color: #3366ff;\">Link\u00f6pings Universitet, Laboratory of Organic Electronics \u2013 Electronic Plants<\/span><\/a><span style=\"color: #3366ff;\">\u00a0<\/span>(Schweden) \u2013 Entwicklung von bioelektronischen Technologien, die lebende Pflanzen direkt mit elektronischer Funktionalit\u00e4t verbinden<\/span><\/p><p><span style=\"color: #333333;\"><span style=\"color: #3366ff;\"><a style=\"color: #3366ff;\" href=\"https:\/\/www.biosensei.eu\/\">BioSensai \u2013 Live, autonomous biosensor modules for environmental monitoring (EU-Projekt)<\/a><\/span> \u2013Biosensor-Based Diagnostic Platform Enabling Real-Time Monitoring of Existing and Emerging Pollutants<\/span><\/p><p><span style=\"color: #333333;\">Die hier genannten Teams und Projekte sind nur eine kleine Auswahl, international gibt es zahlreiche weitere Arbeiten zum Thema Umwelt-Bioelektronik und \u00d6kosystem-Sensorik.<\/span><\/p><h5 data-start=\"2414\" data-end=\"2656\"><span style=\"color: #333333;\"><strong data-start=\"2414\" data-end=\"2441\">Zeit bis zur Marktreife<\/strong><\/span><\/h5><p data-start=\"2414\" data-end=\"2656\"><span style=\"color: #333333;\">\u27a1 Integrierte Umwelt\u2011Bioelektronik\u2011Netzwerke werden in Pilotfeldern und Forschungsprojekten in 3\u20135 Jahren realistisch. Voll kommerzielle \u00dcberwachungssysteme d\u00fcrften in 5\u20138 Jahren weite Verbreitung finden.<\/span><\/p><h5 data-start=\"2414\" data-end=\"2656\"><span style=\"color: #333333;\"><strong>ausgesuchte Publikationen<\/strong><\/span><\/h5><p data-start=\"2414\" data-end=\"2656\"><span style=\"color: #333333;\">Xiao Y, Du Z, Li Y, Cao L, Zhu B, Kitaguchi T, Huang C. A Review on the Application of Biosensors for Monitoring Emerging Contaminants in the Water Environment. Sensors (Basel). 2025 Aug 10;25(16):4945.\u00a0doi: 10.3390\/s25164945. (<span style=\"color: #3366ff;\"><a style=\"color: #3366ff;\" href=\"https:\/\/pmc.ncbi.nlm.nih.gov\/articles\/PMC12390133\/\">PDF<\/a><\/span>)<\/span><\/p><p data-start=\"2414\" data-end=\"2656\"><span style=\"color: #333333;\">Bae H. Bioinspired Functional Design for Wearable Environmental Sensors. Biomimetics (Basel). 2025 Oct 15;10(10):698.\u00a0doi: 10.3390\/biomimetics10100698. (<span style=\"color: #3366ff;\"><a style=\"color: #3366ff;\" href=\"https:\/\/www.mdpi.com\/2313-7673\/10\/10\/698\">PDF<\/a><\/span>)<\/span><\/p><p data-start=\"2414\" data-end=\"2656\"><span style=\"color: #333333;\">Gong G, Zhou Y, Li Q, Zhao W, Geng S, Li H, Leng YB, Zhu S, Ding G, Zhai Y, Lv Z, Zhou Y, Han ST. Bioinspired Adaptive Sensors: A Review on Current Developments in Theory and Application. Adv Mater. 2025 Jun 30:e2505420. doi: 10.1002\/adma.202505420. (<span style=\"color: #3366ff;\"><a style=\"color: #3366ff;\" href=\"https:\/\/advanced.onlinelibrary.wiley.com\/doi\/10.1002\/adma.202505420\">PDF<\/a><\/span>)<\/span><\/p><p data-start=\"2414\" data-end=\"2656\"><span style=\"color: #333333;\">Williams A, Aguilar MR, Pattiya Arachchillage KGG, Chandra S, Rangan S, Ghosal Gupta S, Artes Vivancos JM. Biosensors for Public Health and Environmental Monitoring: The Case for Sustainable Biosensing. ACS Sustain Chem Eng. 2024 Jul 1;12(28):10296-10312.\u00a0doi: 10.1021\/acssuschemeng.3c06112. (<span style=\"color: #3366ff;\"><a style=\"color: #3366ff;\" href=\"https:\/\/pmc.ncbi.nlm.nih.gov\/articles\/PMC11253101\/\">PDF<\/a><\/span>)<\/span><\/p><p data-start=\"2414\" data-end=\"2656\"><span style=\"color: #333333;\">Gavrila\u0219 S, Ursachi C\u0218, Per\u021ba-Cri\u0219an S, Munteanu FD. Recent Trends in Biosensors for Environmental Quality Monitoring. Sensors (Basel). 2022 Feb 15;22(4):1513.\u00a0doi: 10.3390\/s22041513. (<span style=\"color: #3366ff;\"><a style=\"color: #3366ff;\" href=\"https:\/\/www.mdpi.com\/1424-8220\/22\/4\/1513\">PDF<\/a><\/span>)<\/span><\/p>\t\t\t\t\t\t\t\t<\/div>\n\t\t\t\t<\/div>\n\t\t\t\t<\/div>\n\t\t\t\t\t<\/div>\n\t\t\t\t<\/div>\n\t\t\t\t<\/div>","protected":false},"excerpt":{"rendered":"<p>Umwelt\u2011Bioelektronik &amp; \u00d6kosystem\u2011Sensorik Umwelt\u2011Bioelektronik bezeichnet bioelektronische Systeme, die nat\u00fcrliche biologische Prozesse oder biologische Erkennungsmechanismen nutzen, um Umweltdaten in Echtzeit zu erfassen. Im Gegensatz zu klassischen Sensoren, die meist chemische Grenzwerte messen (z.\u202fB. pH oder Temperatur), verbinden bioelektronische Systeme biologische Sensitivit\u00e4t mit elektronischer Auslesung \u2013 etwa durch lebende Zellen oder biomimetische Rezeptoren, die auf mikrobielle Aktivit\u00e4t, [&hellip;]<\/p>\n","protected":false},"author":1,"featured_media":0,"parent":0,"menu_order":0,"comment_status":"closed","ping_status":"closed","template":"","meta":{"footnotes":""},"class_list":["post-673","page","type-page","status-publish","hentry"],"_links":{"self":[{"href":"https:\/\/bee-informed.de\/en\/wp-json\/wp\/v2\/pages\/673","targetHints":{"allow":["GET"]}}],"collection":[{"href":"https:\/\/bee-informed.de\/en\/wp-json\/wp\/v2\/pages"}],"about":[{"href":"https:\/\/bee-informed.de\/en\/wp-json\/wp\/v2\/types\/page"}],"author":[{"embeddable":true,"href":"https:\/\/bee-informed.de\/en\/wp-json\/wp\/v2\/users\/1"}],"replies":[{"embeddable":true,"href":"https:\/\/bee-informed.de\/en\/wp-json\/wp\/v2\/comments?post=673"}],"version-history":[{"count":22,"href":"https:\/\/bee-informed.de\/en\/wp-json\/wp\/v2\/pages\/673\/revisions"}],"predecessor-version":[{"id":876,"href":"https:\/\/bee-informed.de\/en\/wp-json\/wp\/v2\/pages\/673\/revisions\/876"}],"wp:attachment":[{"href":"https:\/\/bee-informed.de\/en\/wp-json\/wp\/v2\/media?parent=673"}],"curies":[{"name":"wp","href":"https:\/\/api.w.org\/{rel}","templated":true}]}}