{"id":717,"date":"2026-05-06T12:47:43","date_gmt":"2026-05-06T12:47:43","guid":{"rendered":"https:\/\/bee-informed.de\/?page_id=717"},"modified":"2026-05-06T12:48:37","modified_gmt":"2026-05-06T12:48:37","slug":"nachhaltige-biologisch-abbaubare-bioelektronik","status":"publish","type":"page","link":"https:\/\/bee-informed.de\/en\/nachhaltige-biologisch-abbaubare-bioelektronik\/","title":{"rendered":"Nachhaltige &#038; biologisch abbaubare Bioelektronik"},"content":{"rendered":"<div data-elementor-type=\"wp-page\" data-elementor-id=\"717\" class=\"elementor elementor-717\" data-elementor-post-type=\"page\">\n\t\t\t\t<div class=\"elementor-element elementor-element-7dec75e e-flex e-con-boxed e-con e-parent\" data-id=\"7dec75e\" data-element_type=\"container\" data-e-type=\"container\">\n\t\t\t\t\t<div class=\"e-con-inner\">\n\t\t\t\t<div class=\"elementor-element elementor-element-754f17b elementor-widget elementor-widget-heading\" data-id=\"754f17b\" data-element_type=\"widget\" data-e-type=\"widget\" data-widget_type=\"heading.default\">\n\t\t\t\t<div class=\"elementor-widget-container\">\n\t\t\t\t\t<h2 class=\"elementor-heading-title elementor-size-default\">Nachhaltige &amp; biologisch abbaubare Bioelektronik<\/h2>\t\t\t\t<\/div>\n\t\t\t\t<\/div>\n\t\t\t\t\t<\/div>\n\t\t\t\t<\/div>\n\t\t<div class=\"elementor-element elementor-element-a737962 e-flex e-con-boxed e-con e-parent\" data-id=\"a737962\" data-element_type=\"container\" data-e-type=\"container\">\n\t\t\t\t\t<div class=\"e-con-inner\">\n\t\t\t\t<div class=\"elementor-element elementor-element-06ddace elementor-widget-divider--view-line elementor-widget elementor-widget-divider\" data-id=\"06ddace\" data-element_type=\"widget\" data-e-type=\"widget\" data-widget_type=\"divider.default\">\n\t\t\t\t<div class=\"elementor-widget-container\">\n\t\t\t\t\t\t\t<div class=\"elementor-divider\">\n\t\t\t<span class=\"elementor-divider-separator\">\n\t\t\t\t\t\t<\/span>\n\t\t<\/div>\n\t\t\t\t\t\t<\/div>\n\t\t\t\t<\/div>\n\t\t\t\t\t<\/div>\n\t\t\t\t<\/div>\n\t\t<div class=\"elementor-element elementor-element-fdd66eb e-flex e-con-boxed e-con e-parent\" data-id=\"fdd66eb\" data-element_type=\"container\" data-e-type=\"container\">\n\t\t\t\t\t<div class=\"e-con-inner\">\n\t\t<div class=\"elementor-element elementor-element-e6934e3 e-con-full e-flex e-con e-child\" data-id=\"e6934e3\" data-element_type=\"container\" data-e-type=\"container\">\n\t\t\t\t<div class=\"elementor-element elementor-element-e669bbf elementor-widget elementor-widget-image\" data-id=\"e669bbf\" data-element_type=\"widget\" data-e-type=\"widget\" data-widget_type=\"image.default\">\n\t\t\t\t<div class=\"elementor-widget-container\">\n\t\t\t\t\t\t\t\t\t\t\t\t\t\t\t<img fetchpriority=\"high\" decoding=\"async\" width=\"800\" height=\"450\" src=\"https:\/\/bee-informed.de\/wp-content\/uploads\/2026\/01\/4-1024x576.png\" class=\"attachment-large size-large wp-image-656\" alt=\"\" srcset=\"https:\/\/bee-informed.de\/wp-content\/uploads\/2026\/01\/4-1024x576.png 1024w, https:\/\/bee-informed.de\/wp-content\/uploads\/2026\/01\/4-300x169.png 300w, https:\/\/bee-informed.de\/wp-content\/uploads\/2026\/01\/4-768x432.png 768w, https:\/\/bee-informed.de\/wp-content\/uploads\/2026\/01\/4-18x10.png 18w, https:\/\/bee-informed.de\/wp-content\/uploads\/2026\/01\/4.png 1366w\" sizes=\"(max-width: 800px) 100vw, 800px\" \/>\t\t\t\t\t\t\t\t\t\t\t\t\t\t\t<\/div>\n\t\t\t\t<\/div>\n\t\t\t\t<\/div>\n\t\t<div class=\"elementor-element elementor-element-d25df79 e-con-full e-flex e-con e-child\" data-id=\"d25df79\" data-element_type=\"container\" data-e-type=\"container\">\n\t\t\t\t<div class=\"elementor-element elementor-element-41b2dc8 elementor-widget elementor-widget-text-editor\" data-id=\"41b2dc8\" data-element_type=\"widget\" data-e-type=\"widget\" data-widget_type=\"text-editor.default\">\n\t\t\t\t<div class=\"elementor-widget-container\">\n\t\t\t\t\t\t\t\t\t<p data-start=\"5632\" data-end=\"6041\"><span style=\"color: #333333;\">Die Entwicklung von Bioelektronik aus <strong data-start=\"5694\" data-end=\"5731\">biologisch abbaubaren Materialien<\/strong> ist ein wachsender Trend, der darauf abzielt, Nachhaltigkeit und Kreislaufwirtschaft vorzuschieben: Sensoren oder elektronische Komponenten, die sich nach Einsatzende selbst abbauen oder biologisch unsch\u00e4dlich werden, reduzieren elektrischen Abfall und Umweltbelastungen.<\/span><\/p><h5 data-start=\"6043\" data-end=\"6446\"><span style=\"color: #333333;\"><strong data-start=\"6043\" data-end=\"6086\">Wissenschaftlicher Kontext &amp; Abgrenzung<\/strong><\/span><\/h5><p data-start=\"6043\" data-end=\"6446\"><span style=\"color: #333333;\">Traditionelle Elektronik nutzt selten biologisch abbaubare Substrate. Neuere Forschung kombiniert leitf\u00e4hige Polymere, organische Halbleiter oder Biomaterialien (z.\u202fB. cellulosebasierte Leiter) mit bioelektronischen Komponenten, um Ger\u00e4te zu schaffen, die in nat\u00fcrlichen Umgebungen zur\u00fcck in die Umwelt gelangen k\u00f6nnen.<\/span><\/p><h5 data-start=\"6448\" data-end=\"6478\"><span style=\"color: #333333;\"><strong data-start=\"6448\" data-end=\"6476\">Forschungsteams &amp; Projekte<\/strong><\/span><\/h5><p data-start=\"6481\" data-end=\"6648\"><span style=\"color: #333333;\"><a style=\"color: #333333;\" href=\"https:\/\/www.fz-juelich.de\/de\/ibi\/ibi-3\/forschungsgruppen\/molekulare-bioelektronik\"><span style=\"color: #3366ff;\">Forschungszentrum J\u00fclich &#8211; Molekulare Bioelektronik<\/span><\/a> \u2013 Arbeiten an Bio\u2011Hybridsystemen und biologisch abbaubaren Komponenten.<\/span><\/p><p data-start=\"6651\" data-end=\"6717\"><span style=\"color: #333333;\"><a style=\"color: #333333;\" href=\"https:\/\/tu-dresden.de\/tu-dresden\/newsportal\/news\/von-der-natur-inspiriert-leaftronics-ebnet-den-weg-fuer-biologisch-abbaubare-elektronik\"><span style=\"color: #3366ff;\">TU Dresden \u2013 Leaftronics &amp; Naturinspiriertes Materialdesign<\/span><\/a> &#8211; bioinspirierte, biologisch abbaubare Substrate f\u00fcr Elektronik, basierend auf quasi-fraktalen Strukturen von Bl\u00e4ttern, die thermomechanisch stabil und gleichzeitig kompostierbar sind.<\/span><\/p><p><span style=\"color: #333333;\"><a style=\"color: #333333;\" href=\"https:\/\/www.empa.ch\/web\/s302\/woodtec\"><span style=\"color: #3366ff;\">EMPA \/ Cellulose &amp; Wood Materials Group<\/span><\/a> &#8211; An der EMPA wird im Rahmen von EU-Projekten wie <em data-start=\"2022\" data-end=\"2034\">Hypelignum<\/em> an <strong data-start=\"2038\" data-end=\"2108\">biologisch abbaubaren Leiterplatten aus Holz-\/Cellulosematerialien<\/strong> gearbeitet, die klassische Leiterplatten ersetzen sollen.<\/span><\/p><p><span style=\"color: #333333;\"><a style=\"color: #333333;\" href=\"https:\/\/www.herlandlab.com\/research\/organic-bioelectronics\/\"><span style=\"color: #3366ff;\">Herland Lab \u2013 Organic Bioelectronics<\/span><\/a> &#8211; erforscht die Integration von <strong data-start=\"2393\" data-end=\"2438\">biodegradierbaren organischen Materialien<\/strong> in bioelektronische Ger\u00e4te, u. a. erzeugt via umweltvertr\u00e4gliche Syntheseprozesse.<\/span><\/p><h5 data-start=\"6719\" data-end=\"6891\"><span style=\"color: #333333;\"><strong data-start=\"6719\" data-end=\"6746\">Zeit bis zur Marktreife<\/strong><\/span><\/h5><p data-start=\"6719\" data-end=\"6891\"><span style=\"color: #333333;\">\u27a1 Prototypen von biologisch abbaubarer Bioelektronik sind bereits im Forschungsstadium; erste kommerzielle Produkte reichen <strong data-start=\"6873\" data-end=\"6890\">in 3\u20136 Jahren<\/strong>.<\/span><\/p><h5 data-start=\"6719\" data-end=\"6891\"><span style=\"color: #333333;\"><strong>Ausgew\u00e4hlte Publikationen<\/strong><\/span><\/h5><p><span style=\"color: #333333;\">Avila Ramirez AE, Jessika J, Fu Y, Gyllensting G, Batista M, Hijman D, Shakya J, Wang Y, Yue W, Kroon R, Li J, Hamedi MM, Herland A, Zeglio E. Microfabricated Organic Electrochemical Transistors Enabled by Printing and Laser Ablation. ACS Appl Mater Interfaces. 2025 Nov 26;17(47):64783-64795. doi: 10.1021\/acsami.5c16767. (<a href=\"https:\/\/pmc.ncbi.nlm.nih.gov\/articles\/PMC12673519\/\">PDF<\/a>)<\/span><\/p><p><span style=\"color: #333333;\">Lee S, M Silva S, Caballero Aguilar LM, Eom T, Moulton SE, Shim BS. Biodegradable bioelectronics for biomedical applications. J Mater Chem B. 2022 Nov 3;10(42):8575-8595. doi: 10.1039\/d2tb01475k. (<span style=\"color: #3366ff;\"><a style=\"color: #3366ff;\" href=\"https:\/\/pubs.rsc.org\/en\/content\/articlelanding\/2022\/tb\/d2tb01475k\">PDF<\/a><\/span>)<\/span><\/p><p><span style=\"color: #333333;\">Han WB, Han S, Shewale PS, Cho H, Kim LH, Naganaboina VR, Hwang SW. Biodegradable Adhesive Systems for Bio-Integrated Applications. Adv Sci (Weinh). 2025 Nov 19:e12633. doi: 10.1002\/advs.202512633. (<a href=\"https:\/\/advanced.onlinelibrary.wiley.com\/doi\/10.1002\/advs.202512633\">PDF<\/a>)<\/span><\/p><p><span style=\"color: #333333;\">Ali M, Bathaei MJ, Istif E, Karimi SNH, Beker L. Biodegradable Piezoelectric Polymers: Recent Advancements in Materials and Applications. Adv Healthc Mater. 2023 Sep;12(23):e2300318. doi: 10.1002\/adhm.202300318. (<a href=\"https:\/\/pmc.ncbi.nlm.nih.gov\/articles\/PMC11469082\/\">PDF<\/a>)<\/span><\/p>\t\t\t\t\t\t\t\t<\/div>\n\t\t\t\t<\/div>\n\t\t\t\t<\/div>\n\t\t\t\t\t<\/div>\n\t\t\t\t<\/div>\n\t\t\t\t<\/div>","protected":false},"excerpt":{"rendered":"<p>Nachhaltige &amp; biologisch abbaubare Bioelektronik Die Entwicklung von Bioelektronik aus biologisch abbaubaren Materialien ist ein wachsender Trend, der darauf abzielt, Nachhaltigkeit und Kreislaufwirtschaft vorzuschieben: Sensoren oder elektronische Komponenten, die sich nach Einsatzende selbst abbauen oder biologisch unsch\u00e4dlich werden, reduzieren elektrischen Abfall und Umweltbelastungen. Wissenschaftlicher Kontext &amp; Abgrenzung Traditionelle Elektronik nutzt selten biologisch abbaubare Substrate. Neuere [&hellip;]<\/p>\n","protected":false},"author":1,"featured_media":0,"parent":0,"menu_order":0,"comment_status":"closed","ping_status":"closed","template":"","meta":{"footnotes":""},"class_list":["post-717","page","type-page","status-publish","hentry"],"_links":{"self":[{"href":"https:\/\/bee-informed.de\/en\/wp-json\/wp\/v2\/pages\/717","targetHints":{"allow":["GET"]}}],"collection":[{"href":"https:\/\/bee-informed.de\/en\/wp-json\/wp\/v2\/pages"}],"about":[{"href":"https:\/\/bee-informed.de\/en\/wp-json\/wp\/v2\/types\/page"}],"author":[{"embeddable":true,"href":"https:\/\/bee-informed.de\/en\/wp-json\/wp\/v2\/users\/1"}],"replies":[{"embeddable":true,"href":"https:\/\/bee-informed.de\/en\/wp-json\/wp\/v2\/comments?post=717"}],"version-history":[{"count":16,"href":"https:\/\/bee-informed.de\/en\/wp-json\/wp\/v2\/pages\/717\/revisions"}],"predecessor-version":[{"id":867,"href":"https:\/\/bee-informed.de\/en\/wp-json\/wp\/v2\/pages\/717\/revisions\/867"}],"wp:attachment":[{"href":"https:\/\/bee-informed.de\/en\/wp-json\/wp\/v2\/media?parent=717"}],"curies":[{"name":"wp","href":"https:\/\/api.w.org\/{rel}","templated":true}]}}