{"id":725,"date":"2026-05-06T12:42:41","date_gmt":"2026-05-06T12:42:41","guid":{"rendered":"https:\/\/bee-informed.de\/?page_id=725"},"modified":"2026-05-06T12:42:44","modified_gmt":"2026-05-06T12:42:44","slug":"machine-olfaction-chemosensorische-bioelektronik","status":"publish","type":"page","link":"https:\/\/bee-informed.de\/en\/machine-olfaction-chemosensorische-bioelektronik\/","title":{"rendered":"Machine Olfaction &#038; Chemosensorische Bioelektronik"},"content":{"rendered":"<div data-elementor-type=\"wp-page\" data-elementor-id=\"725\" class=\"elementor elementor-725\" data-elementor-post-type=\"page\">\n\t\t\t\t<div class=\"elementor-element elementor-element-d4eafef e-flex e-con-boxed e-con e-parent\" data-id=\"d4eafef\" data-element_type=\"container\" data-e-type=\"container\">\n\t\t\t\t\t<div class=\"e-con-inner\">\n\t\t\t\t<div class=\"elementor-element elementor-element-a1371e7 elementor-widget elementor-widget-heading\" data-id=\"a1371e7\" data-element_type=\"widget\" data-e-type=\"widget\" data-widget_type=\"heading.default\">\n\t\t\t\t<div class=\"elementor-widget-container\">\n\t\t\t\t\t<h2 class=\"elementor-heading-title elementor-size-default\">Machine Olfaction &amp; Chemosensorische Bioelektronik<\/h2>\t\t\t\t<\/div>\n\t\t\t\t<\/div>\n\t\t\t\t\t<\/div>\n\t\t\t\t<\/div>\n\t\t<div class=\"elementor-element elementor-element-8883e0b e-flex e-con-boxed e-con e-parent\" data-id=\"8883e0b\" data-element_type=\"container\" data-e-type=\"container\">\n\t\t\t\t\t<div class=\"e-con-inner\">\n\t\t\t\t<div class=\"elementor-element elementor-element-eada471 elementor-widget-divider--view-line elementor-widget elementor-widget-divider\" data-id=\"eada471\" data-element_type=\"widget\" data-e-type=\"widget\" data-widget_type=\"divider.default\">\n\t\t\t\t<div class=\"elementor-widget-container\">\n\t\t\t\t\t\t\t<div class=\"elementor-divider\">\n\t\t\t<span class=\"elementor-divider-separator\">\n\t\t\t\t\t\t<\/span>\n\t\t<\/div>\n\t\t\t\t\t\t<\/div>\n\t\t\t\t<\/div>\n\t\t\t\t\t<\/div>\n\t\t\t\t<\/div>\n\t\t<div class=\"elementor-element elementor-element-2b4a8a9 e-flex e-con-boxed e-con e-parent\" data-id=\"2b4a8a9\" data-element_type=\"container\" data-e-type=\"container\">\n\t\t\t\t\t<div class=\"e-con-inner\">\n\t\t<div class=\"elementor-element elementor-element-4986d91 e-con-full e-flex e-con e-child\" data-id=\"4986d91\" data-element_type=\"container\" data-e-type=\"container\">\n\t\t\t\t<div class=\"elementor-element elementor-element-f93b96a elementor-widget elementor-widget-image\" data-id=\"f93b96a\" data-element_type=\"widget\" data-e-type=\"widget\" data-widget_type=\"image.default\">\n\t\t\t\t<div class=\"elementor-widget-container\">\n\t\t\t\t\t\t\t\t\t\t\t\t\t\t\t<img fetchpriority=\"high\" decoding=\"async\" width=\"800\" height=\"450\" src=\"https:\/\/bee-informed.de\/wp-content\/uploads\/2026\/01\/5-1024x576.png\" class=\"attachment-large size-large wp-image-657\" alt=\"\" srcset=\"https:\/\/bee-informed.de\/wp-content\/uploads\/2026\/01\/5-1024x576.png 1024w, https:\/\/bee-informed.de\/wp-content\/uploads\/2026\/01\/5-300x169.png 300w, https:\/\/bee-informed.de\/wp-content\/uploads\/2026\/01\/5-768x432.png 768w, https:\/\/bee-informed.de\/wp-content\/uploads\/2026\/01\/5-18x10.png 18w, https:\/\/bee-informed.de\/wp-content\/uploads\/2026\/01\/5.png 1366w\" sizes=\"(max-width: 800px) 100vw, 800px\" \/>\t\t\t\t\t\t\t\t\t\t\t\t\t\t\t<\/div>\n\t\t\t\t<\/div>\n\t\t\t\t<\/div>\n\t\t<div class=\"elementor-element elementor-element-7c8cec3 e-con-full e-flex e-con e-child\" data-id=\"7c8cec3\" data-element_type=\"container\" data-e-type=\"container\">\n\t\t\t\t<div class=\"elementor-element elementor-element-6b942ae elementor-widget elementor-widget-text-editor\" data-id=\"6b942ae\" data-element_type=\"widget\" data-e-type=\"widget\" data-widget_type=\"text-editor.default\">\n\t\t\t\t<div class=\"elementor-widget-container\">\n\t\t\t\t\t\t\t\t\t<p data-start=\"4242\" data-end=\"4763\"><span style=\"color: #333333;\">Machine Olfaction bezeichnet bioelektronische Sensorik, die Ger\u00fcche und chemische Profile \u00e4hnlich biologischen Riechsystemen erkennt. Durch die Integration biologischer Rezeptoren (z.\u202fB. olfaktorischer Proteine) auf elektronische Transduktionsplattformen entstehen Sensoren, die nicht nur chemische Konzentrationen messen, sondern komplexe chemische Muster erkennen k\u00f6nnen \u2013 lebensmittelgerechte Qualit\u00e4t, Luftschadstoffe oder gasf\u00f6rmige Umweltstressoren.<\/span><\/p><h5 data-start=\"4765\" data-end=\"5192\"><span style=\"color: #333333;\"><strong data-start=\"4765\" data-end=\"4808\">Wissenschaftlicher Kontext &amp; Abgrenzung<\/strong><\/span><\/h5><p data-start=\"4765\" data-end=\"5192\"><span style=\"color: #333333;\">Konventionelle elektronische Nasen arbeiten mit chemischen Sensorarrays ohne echte biologische Erkennungsmechanismen. Machine Olfaction baut dagegen biologisch inspirierte Rezeptorsysteme ein und koppelt diese an empfindliche Transistorarrays, z.\u202fB. auf Graphen\u2011 oder Polymerbasis, was die Spezifit\u00e4t und Sensitivit\u00e4t erheblich verbessert.<\/span><\/p><h5 data-start=\"1739\" data-end=\"1769\"><span style=\"color: #333333;\"><strong>Forschungsteams &amp; Projekte<\/strong><\/span><\/h5><p><span style=\"color: #333333;\"><a style=\"color: #333333;\" href=\"https:\/\/koniku.com\/\"><span style=\"color: #3366ff;\">Koniku Inc<\/span><\/a><span style=\"color: #3366ff;\">.<\/span>\u00a0&#8211; Biotech-Unternehmen, das <\/span><strong>hybride \u201eSmell Cyborg\u201c-Systeme<\/strong><span style=\"color: #333333;\"> entwickelt, bei denen <em data-start=\"2778\" data-end=\"2800\">biologische Neuronen<\/em> oder Rezeptoren in elektronische Systeme integriert werden, um chemische Signaturen zu erkennen.<\/span><\/p><p><span style=\"color: #333333;\"><span style=\"color: #3366ff;\"><a style=\"color: #3366ff;\" href=\"https:\/\/www.th-luebeck.de\/hochschule\/aktuelles\/neuigkeiten\/beitrag\/2025-04-04-forschungsprojekt-precise-elektronische-nase-gegen-lebensmittelverschwendung\/\">PRECISE<\/a><\/span> &#8211; d\u00e4nisch-deutsches EU-Projekt \u00fcber eine neuartigen \u201eElektronischen Nase\u201c die Haltbarkeit von Fleisch und Fisch bestimmen kann<\/span><\/p><p><span style=\"color: #333333;\"><span style=\"color: #3366ff;\"><a style=\"color: #3366ff;\" href=\"https:\/\/www.mobiles-project.eu\/\">MOBILES<\/a><\/span> &#8211; EU &#8211; Projekt zielt darauf ab, elektronische und organismische Biosensoren zur \u00dcberwachung organischer Chemikalien, antibiotikaresistenter Bakterien und Krankheitserreger zu entwickeln und die Umweltvertr\u00e4glichkeit dieser Technologien zu untersuchen.<\/span><\/p><p><span style=\"color: #333333;\"><a style=\"color: #333333;\" href=\"https:\/\/smellodi.eu\/\"><span style=\"color: #3366ff;\">Smellodi<\/span><\/a> &#8211; EIC Pathfinder Open finanziertes Projekt, das auf die intelligente elektronische Erkennung und \u00dcbertragung von K\u00f6rperger\u00fcchen abzielt und damit den Weg f\u00fcr eine neue \u00c4ra der Digitalisierung des Geruchssinns ebnet.<\/span><\/p><p><span style=\"color: #333333;\"><a style=\"color: #333333;\" href=\"https:\/\/www.biosensei.eu\/\"><span style=\"color: #3366ff;\">BIOSENSEI<\/span><\/a> &#8211; entwickelt eine ma\u00dfgeschneiderte, zuverl\u00e4ssige Echtzeit-Multiplex-End-to-End-Biosensorplattform, die zellul\u00e4re Reaktionen nutzt, um abiotische Schadstoffe \u2013 N\u00e4hrstoffe, \u00f6strogene endokrin wirksame Chemikalien und PFAS (Perfluoralkyl- und Polyfluoralkylsubstanzen) \u2013 sowie biotische Schadstoffe \u2013 Microcystine \u2013 nachzuweisen.<\/span><\/p><p><span style=\"color: #333333;\"><span style=\"color: #3366ff;\"><a style=\"color: #3366ff;\" href=\"https:\/\/www.atb-potsdam.de\/de\/forschung\/programme\/multifunktionale-biomaterialien\/projekte\/projekte-detailseite\/projekt\/agrinose\">AgriNose<\/a><\/span> &#8211; BMFTR gef\u00f6rdertes Projekt, dass im Zusammenspiel mit fernerkundlich-optischen Verfahren zuk\u00fcnftig das Monitoring im Pflanzenbau dahingehend unterst\u00fctzen, dass eine fr\u00fchere Erkennung von gleichzeitig mehreren Pflanzenkrankheiten, die in den h\u00e4ufigsten F\u00e4llen in Mischinfektionen auftreten, m\u00f6glich wird<\/span><\/p><p data-start=\"5194\" data-end=\"5438\"><span style=\"color: #333333;\">Die hier genannten Teams und Projekte sind nur eine kleine Auswahl, international gibt es zahlreiche weitere Arbeiten zur Einf\u00fchrung biologisch inspirierter Detektionssysteme in die Umweltmesstechnik.<\/span><\/p><h5 data-start=\"5440\" data-end=\"5566\"><span style=\"color: #333333;\"><strong data-start=\"5440\" data-end=\"5467\">Zeit bis zur Marktreife<\/strong><\/span><\/h5><p data-start=\"5440\" data-end=\"5566\"><span style=\"color: #333333;\">\u27a1 Feldtaugliche Machine\u2011Olfaction\u2011Systeme d\u00fcrften in <strong data-start=\"5523\" data-end=\"5537\">4\u20137 Jahren<\/strong> kommerziell relevant werden.<\/span><\/p><h5 data-start=\"2414\" data-end=\"2656\"><span style=\"color: #333333;\"><strong>ausgesuchte Publikationen:<\/strong><\/span><\/h5><p><span style=\"color: #333333;\">Yue X, Wang J, Yang H, Li Z, Zhao F, Liu W, Zhang P, Chen H, Jiang H, Qin N, Tao TH. A Drosophila-inspired intelligent olfactory biomimetic sensing system for gas recognition in complex environments. Microsyst Nanoeng. 2024 Oct 28;10(1):153. doi: 10.1038\/s41378-024-00752-y. (<a href=\"https:\/\/pmc.ncbi.nlm.nih.gov\/articles\/PMC11520895\/\">PDF<\/a>)<\/span><\/p><p><span style=\"color: #333333;\">Chiu CI, Yosen T, Nampila S, Posom J, Suttiprapan P, Sripontan Y. Utilizing E-nose for detection of mealybug infestation and ripeness of durian. PeerJ. 2025 Aug 25;13:e19936. doi: 10.7717\/peerj.19936. (<a href=\"https:\/\/pmc.ncbi.nlm.nih.gov\/articles\/PMC12393072\/\">PDF<\/a>)\u00a0<\/span><\/p><p><span style=\"color: #333333;\">Deng H, Nakamoto T. Biosensors for Odor Detection: A Review. Biosensors (Basel). 2023 Nov 27;13(12):1000. doi: 10.3390\/bios13121000. (<a href=\"https:\/\/pmc.ncbi.nlm.nih.gov\/articles\/PMC10741685\/\">PDF<\/a>)<\/span><\/p><p><span style=\"color: #333333;\">Li J, Feng Y, Ge J. Recent Advancements in Bionic Olfactory Biosensors: Components, Applications, and Future Perspectives. Chem Bio Eng. 2025 Aug 28;2(10):576-592. doi: 10.1021\/cbe.5c00042. (<a href=\"https:\/\/pmc.ncbi.nlm.nih.gov\/articles\/PMC12557451\/\">PDF<\/a>)<\/span><\/p><p><span style=\"color: #333333;\">Ramadan KMA, Bendary ESA, Khalil HB, Ali SA, Ahmed AR, Mahmoud MAA. Smart Detection of Food Spoilage Using Microbial Volatile Compounds: Technologies, Challenges, and Future Outlook. J Agric Food Chem. 2025 Aug 6;73(31):19222-19243. doi: 10.1021\/acs.jafc.5c05927. (<a href=\"https:\/\/pubs.acs.org\/doi\/10.1021\/acs.jafc.5c05927\">PDF<\/a>)<\/span><\/p>\t\t\t\t\t\t\t\t<\/div>\n\t\t\t\t<\/div>\n\t\t\t\t<\/div>\n\t\t\t\t\t<\/div>\n\t\t\t\t<\/div>\n\t\t\t\t<\/div>","protected":false},"excerpt":{"rendered":"<p>Machine Olfaction &amp; Chemosensorische Bioelektronik Machine Olfaction bezeichnet bioelektronische Sensorik, die Ger\u00fcche und chemische Profile \u00e4hnlich biologischen Riechsystemen erkennt. Durch die Integration biologischer Rezeptoren (z.\u202fB. olfaktorischer Proteine) auf elektronische Transduktionsplattformen entstehen Sensoren, die nicht nur chemische Konzentrationen messen, sondern komplexe chemische Muster erkennen k\u00f6nnen \u2013 lebensmittelgerechte Qualit\u00e4t, Luftschadstoffe oder gasf\u00f6rmige Umweltstressoren. Wissenschaftlicher Kontext &amp; Abgrenzung [&hellip;]<\/p>\n","protected":false},"author":1,"featured_media":0,"parent":0,"menu_order":0,"comment_status":"closed","ping_status":"closed","template":"","meta":{"footnotes":""},"class_list":["post-725","page","type-page","status-publish","hentry"],"_links":{"self":[{"href":"https:\/\/bee-informed.de\/en\/wp-json\/wp\/v2\/pages\/725","targetHints":{"allow":["GET"]}}],"collection":[{"href":"https:\/\/bee-informed.de\/en\/wp-json\/wp\/v2\/pages"}],"about":[{"href":"https:\/\/bee-informed.de\/en\/wp-json\/wp\/v2\/types\/page"}],"author":[{"embeddable":true,"href":"https:\/\/bee-informed.de\/en\/wp-json\/wp\/v2\/users\/1"}],"replies":[{"embeddable":true,"href":"https:\/\/bee-informed.de\/en\/wp-json\/wp\/v2\/comments?post=725"}],"version-history":[{"count":14,"href":"https:\/\/bee-informed.de\/en\/wp-json\/wp\/v2\/pages\/725\/revisions"}],"predecessor-version":[{"id":897,"href":"https:\/\/bee-informed.de\/en\/wp-json\/wp\/v2\/pages\/725\/revisions\/897"}],"wp:attachment":[{"href":"https:\/\/bee-informed.de\/en\/wp-json\/wp\/v2\/media?parent=725"}],"curies":[{"name":"wp","href":"https:\/\/api.w.org\/{rel}","templated":true}]}}