{"id":739,"date":"2026-05-06T12:52:03","date_gmt":"2026-05-06T12:52:03","guid":{"rendered":"https:\/\/bee-informed.de\/?page_id=739"},"modified":"2026-05-06T12:52:07","modified_gmt":"2026-05-06T12:52:07","slug":"smart-bio-iot-plattformen-vernetzte-oekosysteme","status":"publish","type":"page","link":"https:\/\/bee-informed.de\/en\/smart-bio-iot-plattformen-vernetzte-oekosysteme\/","title":{"rendered":"Smart Bio-IoT Plattformen &#038; vernetzte \u00d6kosysteme"},"content":{"rendered":"\t\t<div data-elementor-type=\"wp-page\" data-elementor-id=\"739\" class=\"elementor elementor-739\" data-elementor-post-type=\"page\">\n\t\t\t\t<div class=\"elementor-element elementor-element-f9a9513 e-flex e-con-boxed e-con e-parent\" data-id=\"f9a9513\" data-element_type=\"container\" data-e-type=\"container\">\n\t\t\t\t\t<div class=\"e-con-inner\">\n\t\t\t\t<div class=\"elementor-element elementor-element-958c36b elementor-widget elementor-widget-heading\" data-id=\"958c36b\" data-element_type=\"widget\" data-e-type=\"widget\" data-widget_type=\"heading.default\">\n\t\t\t\t<div class=\"elementor-widget-container\">\n\t\t\t\t\t<h2 class=\"elementor-heading-title elementor-size-default\">Smart Bio\u2011IoT\u2011Plattformen &amp; vernetzte \u00d6kosysteme<\/h2>\t\t\t\t<\/div>\n\t\t\t\t<\/div>\n\t\t\t\t<div class=\"elementor-element elementor-element-6ed2a89 elementor-widget-divider--view-line elementor-widget elementor-widget-divider\" data-id=\"6ed2a89\" data-element_type=\"widget\" data-e-type=\"widget\" data-widget_type=\"divider.default\">\n\t\t\t\t<div class=\"elementor-widget-container\">\n\t\t\t\t\t\t\t<div class=\"elementor-divider\">\n\t\t\t<span class=\"elementor-divider-separator\">\n\t\t\t\t\t\t<\/span>\n\t\t<\/div>\n\t\t\t\t\t\t<\/div>\n\t\t\t\t<\/div>\n\t\t\t\t\t<\/div>\n\t\t\t\t<\/div>\n\t\t<div class=\"elementor-element elementor-element-58a2d69 e-flex e-con-boxed e-con e-parent\" data-id=\"58a2d69\" data-element_type=\"container\" data-e-type=\"container\">\n\t\t\t\t\t<div class=\"e-con-inner\">\n\t\t<div class=\"elementor-element elementor-element-c674bb5 e-con-full e-flex e-con e-child\" data-id=\"c674bb5\" data-element_type=\"container\" data-e-type=\"container\">\n\t\t\t\t<div class=\"elementor-element elementor-element-fa8b1e4 elementor-widget elementor-widget-image\" data-id=\"fa8b1e4\" data-element_type=\"widget\" data-e-type=\"widget\" data-widget_type=\"image.default\">\n\t\t\t\t<div class=\"elementor-widget-container\">\n\t\t\t\t\t\t\t\t\t\t\t\t\t\t\t<img fetchpriority=\"high\" decoding=\"async\" width=\"800\" height=\"450\" src=\"https:\/\/bee-informed.de\/wp-content\/uploads\/2026\/01\/3-1024x576.png\" class=\"attachment-large size-large wp-image-655\" alt=\"\" srcset=\"https:\/\/bee-informed.de\/wp-content\/uploads\/2026\/01\/3-1024x576.png 1024w, https:\/\/bee-informed.de\/wp-content\/uploads\/2026\/01\/3-300x169.png 300w, https:\/\/bee-informed.de\/wp-content\/uploads\/2026\/01\/3-768x432.png 768w, https:\/\/bee-informed.de\/wp-content\/uploads\/2026\/01\/3-18x10.png 18w, https:\/\/bee-informed.de\/wp-content\/uploads\/2026\/01\/3.png 1366w\" sizes=\"(max-width: 800px) 100vw, 800px\" \/>\t\t\t\t\t\t\t\t\t\t\t\t\t\t\t<\/div>\n\t\t\t\t<\/div>\n\t\t\t\t<\/div>\n\t\t<div class=\"elementor-element elementor-element-f20620d e-con-full e-flex e-con e-child\" data-id=\"f20620d\" data-element_type=\"container\" data-e-type=\"container\">\n\t\t\t\t<div class=\"elementor-element elementor-element-25af06a elementor-widget elementor-widget-text-editor\" data-id=\"25af06a\" data-element_type=\"widget\" data-e-type=\"widget\" data-widget_type=\"text-editor.default\">\n\t\t\t\t<div class=\"elementor-widget-container\">\n\t\t\t\t\t\t\t\t\t<p data-start=\"11886\" data-end=\"12133\"><span style=\"color: #333333;\">Smart Bio\u2011IoT integriert bioelektronische Sensoren in vollst\u00e4ndig vernetzte Plattformen, die Daten in Echtzeit sammeln, auswerten und Aktionen steuern k\u00f6nnen \u2013 verbunden mit Cloud\u2011Systemen, KI und automatisierten Workflows.<\/span><\/p><h5 data-start=\"12135\" data-end=\"12376\"><span style=\"color: #333333;\"><strong data-start=\"12135\" data-end=\"12178\">Wissenschaftlicher Kontext &amp; Abgrenzung<\/strong><\/span><\/h5><p data-start=\"12135\" data-end=\"12376\"><span style=\"color: #333333;\">Heute existieren einzelne Bioelektronik\u2011Sensoren oft isoliert. Smart Bio\u2011IoT schafft <strong data-start=\"12266\" data-end=\"12291\">End\u2011to\u2011End\u2011\u00d6kosysteme<\/strong>, in denen Daten standardisiert, vernetzt und \u00fcber KI\u2011gest\u00fctzte Dienste nutzbar sind.<\/span><\/p><h5 data-start=\"1739\" data-end=\"1769\"><span style=\"color: #333333;\"><strong>Forschungsteams &amp; Projekte<\/strong><\/span><\/h5><p><span style=\"color: #333333;\"><span class=\"hover:entity-accent entity-underline inline cursor-pointer align-baseline\"><span class=\"whitespace-normal\"><a style=\"color: #333333;\" href=\"https:\/\/people.epfl.ch\/david.atienza\"><span style=\"color: #3366ff;\">\u00c9cole Polytechnique F\u00e9d\u00e9rale de Lausanne \u2013 David Atienza<\/span><\/a> &#8211; <\/span><\/span>Prof. Atienza besch\u00e4ftigt sich mit intelligenten eingebetteten Systemen und Edge-Computing f\u00fcr die autonome Gesundheits\u00fcberwachung und Telemedizin. In diesem Bereich hat er wichtige Beitr\u00e4ge zu Methoden f\u00fcr den Entwurf und die Optimierung energieeffizienter und adaptiver intelligenter Wearables sowie von Internet-of-Things-Systemen (IoT) geleistet. Insbesondere entwickelte er eine neue Generation von MPSoC-Architekturen mit extrem geringem Stromverbrauch und rekonfigurierbaren Funktionen f\u00fcr intelligente Wearables auf Basis von Compressive Sensing (insbesondere f\u00fcr die Echtzeitverarbeitung von Mehrkanal-EKGs).<\/span><\/p><p><span style=\"color: #333333;\"><a style=\"color: #333333;\" href=\"https:\/\/www.imperial.ac.uk\/smart-connected-futures\/our-research\/\"><span style=\"color: #3366ff;\">Imperial College London<\/span><\/a> &#8211; geh\u00f6rt zu F\u00fchrenden bei der Integration intelligenter Biosensor-Technologien mit dem Internet der Dinge (IoT) und k\u00fcnstlicher Intelligenz (KI) und konzentriert sich dabei auf die Entwicklung von Echtzeit-Diagnosesystemen, die sowohl am K\u00f6rper getragen als auch implantiert werden k\u00f6nnen. Forscher des Colleges, insbesondere am Department of Bioengineering und am Centre for Bio-Inspired Technology, entwickeln fortschrittliche Systeme, die biologische Signale direkt mit digitalen Plattformen verbinden, um personalisierte Gesundheitsversorgung, Fern\u00fcberwachung und die fr\u00fchzeitige Diagnose von Krankheiten zu erm\u00f6glichen.<\/span><\/p><p><span style=\"color: #333333;\"><span style=\"color: #3366ff;\"><a style=\"color: #3366ff;\" href=\"https:\/\/liu.se\/en\/research\/laboratory-of-organic-electronics\/electronic-plants\">Link\u00f6ping University<\/a><\/span> &#8211; ist weltweit f\u00fchrend in der Verschmelzung von organischer Elektronik und Biologie, insbesondere durch die Entwicklung von <strong class=\"Yjhzub\" data-sfc-root=\"c\" data-sfc-cb=\"\" data-complete=\"true\" data-processed=\"true\" data-copy-service-computed-style=\"font-family: &quot;Google Sans&quot;, Arial, sans-serif; font-size: 16px; font-weight: 600; margin: 0px; text-decoration: none; border-bottom: 0px rgb(10, 10, 10);\">\u201eElectronic Plants\u201c (e-Plants)<!--TgQPHd|[]--><\/strong>. Diese Forschung bildet die Grundlage f\u00fcr hochmoderne Bio-IoT-Netzwerke, in denen lebende Pflanzen als aktive Komponenten integriert werden.<\/span><\/p><p><span style=\"color: #333333;\"><a style=\"color: #333333;\" href=\"https:\/\/www.forschung-it-sicherheit-kommunikationssysteme.de\/projekte\/iobnt\"><span style=\"color: #3366ff;\">Internet of Bio-Nano Things (IoBNT)<\/span><\/a> &#8211; Erforschung von Kommunikationsplattform zur Verbindung des menschlichen K\u00f6rpers mit zuk\u00fcnftigen 6G-Netzen. \u00a0Auf technologischer Ebene werden hierf\u00fcr unter anderem neuartige Schnittstellen zwischen der molekularen Kommunikation und der Hochfrequenzkommunikation erforscht. Die angestrebte Kommunikationsplattform stellt einen entscheidenden Schritt hin zu zuk\u00fcnftigen Body-Area-Netzen in der Medizintechnik dar. Solche Netze k\u00f6nnen beispielsweise zur Koordinierung von Nanorobotern in therapeutischen Anwendungen eingesetzt werden und so Behandlungen gezielter sowie schonender f\u00fcr Patientinnen und Patienten gestalten.<\/span><\/p><p data-start=\"12378\" data-end=\"12544\"><span style=\"color: #333333;\">Viele IoT\u2011 und Bioelektronik\u2011Forschungsgruppen arbeiten an solchen Vernetzungen, unterst\u00fctzt von Industrie und Forschungseinrichtungen.<\/span><\/p><h5 data-start=\"12546\" data-end=\"12636\"><span style=\"color: #333333;\"><strong data-start=\"12546\" data-end=\"12573\">Zeit bis zur Marktreife<\/strong><\/span><\/h5><p data-start=\"12546\" data-end=\"12636\"><span style=\"color: #333333;\">\u27a1 Bereits heute im Aufbau und skalierbar \u00fcber <strong data-start=\"12622\" data-end=\"12635\">2\u20135 Jahre<\/strong>.<\/span><\/p><h5 data-start=\"2414\" data-end=\"2656\"><span style=\"color: #333333;\"><strong>ausgesuchte Publikationen<\/strong><\/span><\/h5><p><span style=\"color: #333333;\">Hosain MN, Kwak YS, Lee J, Choi H, Park J, Kim J. IoT-enabled biosensors for real-time monitoring and early detection of chronic diseases. Phys Act Nutr. 2024 Dec;28(4):60-69. doi: 10.20463\/pan.2024.0033. (<span style=\"color: #3366ff;\"><a style=\"color: #3366ff;\" href=\"https:\/\/pmc.ncbi.nlm.nih.gov\/articles\/PMC11811615\/\">PDF<\/a><\/span>)<\/span><\/p><p><span style=\"color: #333333;\">Sobhan A, Hossain A, Wei L, Muthukumarappan K, Ahmed M. IoT-Enabled Biosensors in Food Packaging: A Breakthrough in Food Safety for Monitoring Risks in Real Time. Foods. 2025 Apr 18;14(8):1403. doi: 10.3390\/foods14081403. (<a style=\"color: #333333;\" href=\"https:\/\/www.mdpi.com\/2304-8158\/14\/8\/1403\"><span style=\"color: #3366ff;\">PDF<\/span><\/a>)<\/span><\/p><p><span style=\"color: #333333;\">Avci MB, Kurul F, Topkaya SN, Cetin AE. Smartphone-based biosensing: a review of optical imaging, microfluidic integration, and AI-enhanced analysis. Mikrochim Acta. 2025 Nov 3;192(12):786. doi: 10.1007\/s00604-025-07523-0. (<span style=\"color: #3366ff;\"><a style=\"color: #3366ff;\" href=\"https:\/\/link.springer.com\/article\/10.1007\/s00604-025-07523-0\">PDF<\/a><\/span>)<\/span><\/p><p><span style=\"color: #333333;\">Bhavani D, George D, Varghese DJ, Arya DA, Prabagar DS, Waghodekar P. Smart Biosensing Platforms Using Iot-Integrated Diagnostics For Precision Health Monitoring. IJASIS [Internet]. 2026 Feb. 10 (<a style=\"color: #333333;\" href=\"https:\/\/xlescience.org\/index.php\/IJASIS\/article\/view\/986\"><span style=\"color: #3366ff;\">PDF<\/span><\/a>)<\/span><\/p><p><span style=\"color: #333333;\">Salvi S, Garg L, Gurupur V. Stage-Wise IoT Solutions for Alzheimer&#8217;s Disease: A Systematic Review of Detection, Monitoring, and Assistive Technologies. Sensors (Basel). 2025 Aug 23;25(17):5252. doi: 10.3390\/s25175252. (<span style=\"color: #3366ff;\"><a style=\"color: #3366ff;\" href=\"https:\/\/www.mdpi.com\/1424-8220\/25\/17\/5252\">PDF<\/a><\/span>)<\/span><\/p>\t\t\t\t\t\t\t\t<\/div>\n\t\t\t\t<\/div>\n\t\t\t\t<\/div>\n\t\t\t\t\t<\/div>\n\t\t\t\t<\/div>\n\t\t\t\t<\/div>\n\t\t","protected":false},"excerpt":{"rendered":"<p>Smart Bio\u2011IoT\u2011Plattformen &amp; vernetzte \u00d6kosysteme Smart Bio\u2011IoT integriert bioelektronische Sensoren in vollst\u00e4ndig vernetzte Plattformen, die Daten in Echtzeit sammeln, auswerten und Aktionen steuern k\u00f6nnen \u2013 verbunden mit Cloud\u2011Systemen, KI und automatisierten Workflows. Wissenschaftlicher Kontext &amp; Abgrenzung Heute existieren einzelne Bioelektronik\u2011Sensoren oft isoliert. Smart Bio\u2011IoT schafft End\u2011to\u2011End\u2011\u00d6kosysteme, in denen Daten standardisiert, vernetzt und \u00fcber KI\u2011gest\u00fctzte Dienste [&hellip;]<\/p>\n","protected":false},"author":1,"featured_media":0,"parent":0,"menu_order":0,"comment_status":"closed","ping_status":"closed","template":"","meta":{"footnotes":""},"class_list":["post-739","page","type-page","status-publish","hentry"],"_links":{"self":[{"href":"https:\/\/bee-informed.de\/en\/wp-json\/wp\/v2\/pages\/739","targetHints":{"allow":["GET"]}}],"collection":[{"href":"https:\/\/bee-informed.de\/en\/wp-json\/wp\/v2\/pages"}],"about":[{"href":"https:\/\/bee-informed.de\/en\/wp-json\/wp\/v2\/types\/page"}],"author":[{"embeddable":true,"href":"https:\/\/bee-informed.de\/en\/wp-json\/wp\/v2\/users\/1"}],"replies":[{"embeddable":true,"href":"https:\/\/bee-informed.de\/en\/wp-json\/wp\/v2\/comments?post=739"}],"version-history":[{"count":13,"href":"https:\/\/bee-informed.de\/en\/wp-json\/wp\/v2\/pages\/739\/revisions"}],"predecessor-version":[{"id":873,"href":"https:\/\/bee-informed.de\/en\/wp-json\/wp\/v2\/pages\/739\/revisions\/873"}],"wp:attachment":[{"href":"https:\/\/bee-informed.de\/en\/wp-json\/wp\/v2\/media?parent=739"}],"curies":[{"name":"wp","href":"https:\/\/api.w.org\/{rel}","templated":true}]}}