{"id":744,"date":"2026-05-06T19:42:28","date_gmt":"2026-05-06T19:42:28","guid":{"rendered":"https:\/\/bee-informed.de\/?page_id=744"},"modified":"2026-05-06T19:51:48","modified_gmt":"2026-05-06T19:51:48","slug":"biohybride-sensor-computing-systeme","status":"publish","type":"page","link":"https:\/\/bee-informed.de\/en\/biohybride-sensor-computing-systeme\/","title":{"rendered":"Biohybride Sensor-Computing-Systeme"},"content":{"rendered":"<div data-elementor-type=\"wp-page\" data-elementor-id=\"744\" class=\"elementor elementor-744\" data-elementor-post-type=\"page\">\n\t\t\t\t<div class=\"elementor-element elementor-element-c65c10f e-flex e-con-boxed e-con e-parent\" data-id=\"c65c10f\" data-element_type=\"container\" data-e-type=\"container\">\n\t\t\t\t\t<div class=\"e-con-inner\">\n\t\t\t\t<div class=\"elementor-element elementor-element-94626cd elementor-widget elementor-widget-heading\" data-id=\"94626cd\" data-element_type=\"widget\" data-e-type=\"widget\" data-widget_type=\"heading.default\">\n\t\t\t\t<div class=\"elementor-widget-container\">\n\t\t\t\t\t<h2 class=\"elementor-heading-title elementor-size-default\">Biohybride Sensor-Computing Systeme<\/h2>\t\t\t\t<\/div>\n\t\t\t\t<\/div>\n\t\t\t\t<div class=\"elementor-element elementor-element-1bf0582 elementor-widget-divider--view-line elementor-widget elementor-widget-divider\" data-id=\"1bf0582\" data-element_type=\"widget\" data-e-type=\"widget\" data-widget_type=\"divider.default\">\n\t\t\t\t<div class=\"elementor-widget-container\">\n\t\t\t\t\t\t\t<div class=\"elementor-divider\">\n\t\t\t<span class=\"elementor-divider-separator\">\n\t\t\t\t\t\t<\/span>\n\t\t<\/div>\n\t\t\t\t\t\t<\/div>\n\t\t\t\t<\/div>\n\t\t\t\t\t<\/div>\n\t\t\t\t<\/div>\n\t\t<div class=\"elementor-element elementor-element-988f218 e-flex e-con-boxed e-con e-parent\" data-id=\"988f218\" data-element_type=\"container\" data-e-type=\"container\">\n\t\t\t\t\t<div class=\"e-con-inner\">\n\t\t<div class=\"elementor-element elementor-element-fee2b29 e-con-full e-flex e-con e-child\" data-id=\"fee2b29\" data-element_type=\"container\" data-e-type=\"container\">\n\t\t\t\t<div class=\"elementor-element elementor-element-6d5e9fd elementor-widget elementor-widget-image\" data-id=\"6d5e9fd\" data-element_type=\"widget\" data-e-type=\"widget\" data-widget_type=\"image.default\">\n\t\t\t\t<div class=\"elementor-widget-container\">\n\t\t\t\t\t\t\t\t\t\t\t\t\t\t\t<img fetchpriority=\"high\" decoding=\"async\" width=\"800\" height=\"450\" src=\"https:\/\/bee-informed.de\/wp-content\/uploads\/2026\/01\/2-1024x576.png\" class=\"attachment-large size-large wp-image-654\" alt=\"\" srcset=\"https:\/\/bee-informed.de\/wp-content\/uploads\/2026\/01\/2-1024x576.png 1024w, https:\/\/bee-informed.de\/wp-content\/uploads\/2026\/01\/2-300x169.png 300w, https:\/\/bee-informed.de\/wp-content\/uploads\/2026\/01\/2-768x432.png 768w, https:\/\/bee-informed.de\/wp-content\/uploads\/2026\/01\/2-18x10.png 18w, https:\/\/bee-informed.de\/wp-content\/uploads\/2026\/01\/2.png 1366w\" sizes=\"(max-width: 800px) 100vw, 800px\" \/>\t\t\t\t\t\t\t\t\t\t\t\t\t\t\t<\/div>\n\t\t\t\t<\/div>\n\t\t\t\t<\/div>\n\t\t<div class=\"elementor-element elementor-element-585f6c1 e-con-full e-flex e-con e-child\" data-id=\"585f6c1\" data-element_type=\"container\" data-e-type=\"container\">\n\t\t\t\t<div class=\"elementor-element elementor-element-bd37670 elementor-widget elementor-widget-text-editor\" data-id=\"bd37670\" data-element_type=\"widget\" data-e-type=\"widget\" data-widget_type=\"text-editor.default\">\n\t\t\t\t<div class=\"elementor-widget-container\">\n\t\t\t\t\t\t\t\t\t<p><span style=\"color: #333333;\">Biohybride Systeme integrieren biologische Komponenten (z.\u202fB. Zellen, organische Transistoren) direkt mit elektronischer Verarbeitung, um Sensorik und Rechenleistung zu verschmelzen. Ziel ist es, <strong data-start=\"7164\" data-end=\"7226\">biologische Logik und biologische Informationsverarbeitung<\/strong> mit technischen Funktionen zu verbinden, z.\u202fB. mithilfe von <strong data-start=\"7287\" data-end=\"7321\">elektrochemischen Transistoren<\/strong> f\u00fcr Informationsverarbeitung in Fl\u00fcssigkeiten.<\/span><\/p><h5><span style=\"color: #333333;\"><strong data-start=\"7410\" data-end=\"7453\">Wissenschaftlicher Kontext &amp; Abgrenzung<\/strong><\/span><\/h5><p><span style=\"color: #333333;\">Aktuelle Elektronik setzt auf Silizium\u2011basierte Rechenger\u00fcste, getrennt von biologischen Systemen. Biohybride Computing\u2011Systeme h\u00e4tten die F\u00e4higkeit, biologische Signale direkt zu verarbeiten und daraus Schlussfolgerungen zu ziehen, m\u00f6glicherweise sogar mit Parallelen zu neuronaler Logik.<\/span><\/p><h5 data-start=\"1739\" data-end=\"1769\"><span style=\"color: #333333;\"><strong>Forschungsteams &amp; Projekte<\/strong><\/span><\/h5><p data-start=\"5194\" data-end=\"5438\"><span style=\"color: #333333;\"><a style=\"color: #333333;\" href=\"https:\/\/www.iwe1.rwth-aachen.de\/cms\/iwe1\/forschung\/allgemeines\/~bfoqqm\/biohybrid-x-systeme-und-grenzflaechen\/\"><span style=\"color: #3366ff;\">RWTH Aachen \u2013 BioHybrid X &#8211; Systeme und Grenzfl\u00e4chen<\/span><\/a> &#8211; Die Forschungsgruppe konzentriert sich auf die Entwicklung neuartiger Bioelektronik f\u00fcr intelligente therapeutische Systeme. Es geht um die Entwicklung biomimetischer neuroelektronischer Systeme und die Konstruktion hybrider Biosensoren und Implantate, die lebende Zellen\/Gewebe aktiv \u00fcberwachen und stimulieren k\u00f6nnen und gezielt Medikamente transportieren.<\/span><\/p><p data-start=\"5194\" data-end=\"5438\"><span style=\"color: #333333;\"><a style=\"color: #333333;\" href=\"https:\/\/www.ee.cit.tum.de\/ee\/forschung\/gebiete\/elektronik-lebenswissenschaften\/\"><span style=\"color: #3366ff;\">Technische Universit\u00e4t M\u00fcnchen \u2013 Electronics for Life Sciences<\/span><\/a> &#8211; Das Forschungsfeld \u201eElektronik f\u00fcr die Lebenswissenschaften\u201c an der <span class=\"hover:entity-accent entity-underline inline cursor-pointer align-baseline\"><span class=\"whitespace-normal\">Technische Universit\u00e4t M\u00fcnchen<\/span><\/span> untersucht gezielt, wie elektronische und mikromechatronische Systeme mit biologischen Systemen gekoppelt werden k\u00f6nnen. Zum Beispiel Zellbasierte Biosensorik in Form von Cellristoren\u00ae<strong>.<\/strong><\/span><\/p><p data-start=\"5194\" data-end=\"5438\"><span style=\"color: #333333;\"><a style=\"color: #333333;\" href=\"https:\/\/nbel.sogang.ac.kr\/nbel\/3055.html\"><span style=\"color: #3366ff;\">Sogang University &#8211; NanoBioElectronics Lab<\/span><\/a> &#8211; Leisten Pionierarbeit bei der Entwicklung von organoidbasierten Biohybridsystemen und Biohybrid-Robotern auf einem Chip.<\/span><br \/><span style=\"color: #333333;\">Diese Systeme, in denen h\u00e4ufig fortschrittliche Nanomaterialien zum Einsatz kommen, schlie\u00dfen die L\u00fccke zwischen biologischem Gewebe (Organoiden) und k\u00fcnstlichen elektronischen Systemen f\u00fcr Anwendungen im Wirkstoffscreening, bei der Modellierung neurodegenerativer Erkrankungen und bei toxikologischen Bewertungen.<\/span><\/p><p data-start=\"5194\" data-end=\"5438\"><span style=\"color: #333333;\"><span style=\"color: #3366ff;\"><a style=\"color: #3366ff;\" href=\"https:\/\/cordis.europa.eu\/project\/id\/101125598\/de\">NEURO-LABS<\/a><\/span> &#8211; Das ERC-finanzierte Projekt NEURO-LABS wird organisches Neuromorphic Engineering und Bioelektronik kombinieren. Konkret geht es um die Entwicklung einer flexiblen Plattform, die Biosignale in Echtzeit \u00fcberwachen und steuern kann. Unter Verwendung fortschrittlicher Materialien und biohybrider Synapsen zielt die Forschung darauf ab, die Steuerung des adaptiven Lernens an einem weichen Robotergreifer zu demonstrieren und die T\u00fcr zu innovativen Bioschnittstellen zu \u00f6ffnen.<\/span><\/p><p class=\"zfr3Q JYVBee CDt4Ke\" dir=\"ltr\"><span style=\"color: #333333;\"><span class=\"FdCeP C9DxTc\"><span style=\"color: #3366ff;\"><a style=\"color: #3366ff;\" href=\"https:\/\/www.wildbotics.eu\/\">WildBotics<\/a><\/span> &#8211; <\/span>konzentriert sich auf die gemeinsame Entwicklung effektiver und wiederverwendbarer Robotiktechnologien und informatikbasierter Werkzeuge f\u00fcr Probenahme- und \u00dcberwachungsma\u00dfnahmen im Naturschutz. WildBotics ist ein MSCA-Doktoranden-Netzwerkprojekt, das darauf abzielt, die digitale Revolution im Naturschutz voranzutreiben, indem es Robotik, Informatik und Naturschutz\u00f6kologie mit autonomen Robotern als verbindender Plattform miteinander verbindet.<\/span><\/p><p data-start=\"5194\" data-end=\"5438\"><span style=\"color: #333333;\">Die hier genannten Teams und Projekte sind nur eine kleine Auswahl, international gibt es zahlreiche weitere Arbeiten zur Einf\u00fchrung biologisch inspirierter Detektionssysteme in die Umweltmesstechnik.<\/span><\/p><h5 data-start=\"5440\" data-end=\"5566\"><span style=\"color: #333333;\"><strong data-start=\"5440\" data-end=\"5467\">Zeit bis zur Marktreife<\/strong><\/span><\/h5><p><span style=\"color: #333333;\">Durch hohe Komplexit\u00e4t wird breite kommerzielle Anwendung eher in <strong data-start=\"8117\" data-end=\"8132\">7\u201315 Jahren<\/strong> erwartet.<\/span><\/p><h5 data-start=\"2414\" data-end=\"2656\"><span style=\"color: #333333;\"><strong>ausgesuchte Publikationen<\/strong><\/span><\/h5><p><span style=\"color: #333333;\">Garmroudi A, Tushar MAK, Liu C, Li Z. Biohybrid living robotics: A comprehensive review of recent advances, technological innovation, and future prospects. Npj Robot. 2025;3:43. doi: 10.1038\/s44182-025-00056-x. Epub 2025 Dec 9. (<a style=\"color: #333333;\" href=\"https:\/\/pmc.ncbi.nlm.nih.gov\/articles\/PMC13038046\/\"><span style=\"color: #3366ff;\">PDF<\/span><\/a>)<\/span><\/p><p><span style=\"color: #333333;\">Far, S.B., Qazani, M.R.C. &amp; Rad, A.I. Emp-secure data storage through biohybrid and neuromorphic paradigms.\u00a0<i>Discov Appl Sci<\/i> (2026). doi: 10.1007\/s42452-026-08627-9. (<span style=\"color: #3366ff;\"><a style=\"color: #3366ff;\" href=\"https:\/\/link.springer.com\/article\/10.1007\/s42452-026-08627-9#citeas\">PDF<\/a><\/span>)<\/span><\/p><p><span style=\"color: #333333;\">Zo\u00eb Breed, Elvin Karana, Alessandro Bozzon, and Katherine W Song. 2026. Entangled Life and Code: A Computational Design Taxonomy for Synergistic Bio-Digital Systems\u2731 In Proceedings of the 2026 CHI Conference on Human Factors in Computing Systems (CHI &#8217;26). Association for Computing Machinery, New York, NY, USA, Article 248, 1\u201325. doi: 10.1145\/3772318.3790657. (<a style=\"color: #333333;\" href=\"https:\/\/dl.acm.org\/doi\/10.1145\/3772318.3790657\"><span style=\"color: #3366ff;\">PDF<\/span><\/a>)<\/span><\/p><p><span style=\"color: #333333;\">MiriamFilippi, From Lab to Landscape: Environmental Biohybrid Robotics for Ecological Futures. Advanced Robotics Research 2026, 0, e202500196. doi: 10.1002\/adrr.202500196. (<a style=\"color: #333333;\" href=\"https:\/\/advanced.onlinelibrary.wiley.com\/doi\/10.1002\/adrr.202500196\"><span style=\"color: #3366ff;\">PDF<\/span><\/a>)<\/span><\/p><p>\u00a0<\/p>\t\t\t\t\t\t\t\t<\/div>\n\t\t\t\t<\/div>\n\t\t\t\t<\/div>\n\t\t\t\t\t<\/div>\n\t\t\t\t<\/div>\n\t\t\t\t<\/div>","protected":false},"excerpt":{"rendered":"<p>Biohybride Sensor-Computing Systeme Biohybride Systeme integrieren biologische Komponenten (z.\u202fB. Zellen, organische Transistoren) direkt mit elektronischer Verarbeitung, um Sensorik und Rechenleistung zu verschmelzen. Ziel ist es, biologische Logik und biologische Informationsverarbeitung mit technischen Funktionen zu verbinden, z.\u202fB. mithilfe von elektrochemischen Transistoren f\u00fcr Informationsverarbeitung in Fl\u00fcssigkeiten. Wissenschaftlicher Kontext &amp; Abgrenzung Aktuelle Elektronik setzt auf Silizium\u2011basierte Rechenger\u00fcste, getrennt [&hellip;]<\/p>\n","protected":false},"author":1,"featured_media":0,"parent":0,"menu_order":0,"comment_status":"closed","ping_status":"closed","template":"","meta":{"footnotes":""},"class_list":["post-744","page","type-page","status-publish","hentry"],"_links":{"self":[{"href":"https:\/\/bee-informed.de\/en\/wp-json\/wp\/v2\/pages\/744","targetHints":{"allow":["GET"]}}],"collection":[{"href":"https:\/\/bee-informed.de\/en\/wp-json\/wp\/v2\/pages"}],"about":[{"href":"https:\/\/bee-informed.de\/en\/wp-json\/wp\/v2\/types\/page"}],"author":[{"embeddable":true,"href":"https:\/\/bee-informed.de\/en\/wp-json\/wp\/v2\/users\/1"}],"replies":[{"embeddable":true,"href":"https:\/\/bee-informed.de\/en\/wp-json\/wp\/v2\/comments?post=744"}],"version-history":[{"count":7,"href":"https:\/\/bee-informed.de\/en\/wp-json\/wp\/v2\/pages\/744\/revisions"}],"predecessor-version":[{"id":879,"href":"https:\/\/bee-informed.de\/en\/wp-json\/wp\/v2\/pages\/744\/revisions\/879"}],"wp:attachment":[{"href":"https:\/\/bee-informed.de\/en\/wp-json\/wp\/v2\/media?parent=744"}],"curies":[{"name":"wp","href":"https:\/\/api.w.org\/{rel}","templated":true}]}}