{"id":749,"date":"2026-03-30T08:44:26","date_gmt":"2026-03-30T08:44:26","guid":{"rendered":"https:\/\/bee-informed.de\/?page_id=749"},"modified":"2026-05-07T10:16:33","modified_gmt":"2026-05-07T10:16:33","slug":"__trashed-2","status":"publish","type":"page","link":"https:\/\/bee-informed.de\/en\/__trashed-2\/","title":{"rendered":"KI-integrierte Bioelektronik"},"content":{"rendered":"<div data-elementor-type=\"wp-page\" data-elementor-id=\"749\" class=\"elementor elementor-749\" data-elementor-post-type=\"page\">\n\t\t\t\t<div class=\"elementor-element elementor-element-9271f31 e-flex e-con-boxed e-con e-parent\" data-id=\"9271f31\" data-element_type=\"container\" data-e-type=\"container\">\n\t\t\t\t\t<div class=\"e-con-inner\">\n\t\t\t\t<div class=\"elementor-element elementor-element-5c3b83c elementor-widget elementor-widget-heading\" data-id=\"5c3b83c\" data-element_type=\"widget\" data-e-type=\"widget\" data-widget_type=\"heading.default\">\n\t\t\t\t<div class=\"elementor-widget-container\">\n\t\t\t\t\t<h2 class=\"elementor-heading-title elementor-size-default\">KI\u2011integrierte Bioelektronik &amp; Echtzeit\u2011Datenanalyse<\/h2>\t\t\t\t<\/div>\n\t\t\t\t<\/div>\n\t\t\t\t<div class=\"elementor-element elementor-element-a35cb91 elementor-widget-divider--view-line elementor-widget elementor-widget-divider\" data-id=\"a35cb91\" data-element_type=\"widget\" data-e-type=\"widget\" data-widget_type=\"divider.default\">\n\t\t\t\t<div class=\"elementor-widget-container\">\n\t\t\t\t\t\t\t<div class=\"elementor-divider\">\n\t\t\t<span class=\"elementor-divider-separator\">\n\t\t\t\t\t\t<\/span>\n\t\t<\/div>\n\t\t\t\t\t\t<\/div>\n\t\t\t\t<\/div>\n\t\t\t\t\t<\/div>\n\t\t\t\t<\/div>\n\t\t<div class=\"elementor-element elementor-element-6c27b18 e-flex e-con-boxed e-con e-parent\" data-id=\"6c27b18\" data-element_type=\"container\" data-e-type=\"container\">\n\t\t\t\t\t<div class=\"e-con-inner\">\n\t\t<div class=\"elementor-element elementor-element-5b65de0 e-con-full e-flex e-con e-child\" data-id=\"5b65de0\" data-element_type=\"container\" data-e-type=\"container\">\n\t\t\t\t<div class=\"elementor-element elementor-element-439164a elementor-widget elementor-widget-image\" data-id=\"439164a\" data-element_type=\"widget\" data-e-type=\"widget\" data-widget_type=\"image.default\">\n\t\t\t\t<div class=\"elementor-widget-container\">\n\t\t\t\t\t\t\t\t\t\t\t\t\t\t\t<img fetchpriority=\"high\" decoding=\"async\" width=\"800\" height=\"450\" src=\"https:\/\/bee-informed.de\/wp-content\/uploads\/2026\/01\/Design-ohne-Titel-5-1024x576.png\" class=\"attachment-large size-large wp-image-664\" alt=\"\" srcset=\"https:\/\/bee-informed.de\/wp-content\/uploads\/2026\/01\/Design-ohne-Titel-5-1024x576.png 1024w, https:\/\/bee-informed.de\/wp-content\/uploads\/2026\/01\/Design-ohne-Titel-5-300x169.png 300w, https:\/\/bee-informed.de\/wp-content\/uploads\/2026\/01\/Design-ohne-Titel-5-768x432.png 768w, https:\/\/bee-informed.de\/wp-content\/uploads\/2026\/01\/Design-ohne-Titel-5-18x10.png 18w, https:\/\/bee-informed.de\/wp-content\/uploads\/2026\/01\/Design-ohne-Titel-5.png 1366w\" sizes=\"(max-width: 800px) 100vw, 800px\" \/>\t\t\t\t\t\t\t\t\t\t\t\t\t\t\t<\/div>\n\t\t\t\t<\/div>\n\t\t\t\t<\/div>\n\t\t<div class=\"elementor-element elementor-element-688340f e-con-full e-flex e-con e-child\" data-id=\"688340f\" data-element_type=\"container\" data-e-type=\"container\">\n\t\t\t\t<div class=\"elementor-element elementor-element-8cad4d3 elementor-widget elementor-widget-text-editor\" data-id=\"8cad4d3\" data-element_type=\"widget\" data-e-type=\"widget\" data-widget_type=\"text-editor.default\">\n\t\t\t\t<div class=\"elementor-widget-container\">\n\t\t\t\t\t\t\t\t\t<p data-start=\"8212\" data-end=\"8543\"><span style=\"color: #333333;\">Die Kombination von Bioelektronik mit <strong data-start=\"8274\" data-end=\"8306\">K\u00fcnstlicher Intelligenz (KI)<\/strong> erm\u00f6glicht die direkte Auswertung biologischer Messsignale in Echtzeit, inklusive Mustererkennung, pr\u00e4diktiver Analytik und adaptiven Reaktionen. Hier wird nicht nur Rohmesswert \u00fcbertragen, sondern vor Ort verarbeitet und interpretiert.<\/span><\/p><h5 data-start=\"8545\" data-end=\"8834\"><span style=\"color: #333333;\"><strong data-start=\"8545\" data-end=\"8588\">Wissenschaftlicher Kontext &amp; Abgrenzung<\/strong><\/span><\/h5><p data-start=\"8545\" data-end=\"8834\"><span style=\"color: #333333;\">Traditionelle Bioelektronik liefert oft gro\u00dfe Mengen an Daten, deren Analyse nachtr\u00e4glich stattfindet. KI\u2011Integration krempelt dies um, indem sie <strong data-start=\"8737\" data-end=\"8748\">Edge\u2011KI<\/strong> direkt in Sensorger\u00e4te einbettet und adaptive, selbstoptimierende Systeme erm\u00f6glicht.<\/span><\/p><h5 data-start=\"1739\" data-end=\"1769\"><span style=\"color: #333333;\"><strong>Forschungsteams &amp; Projekte<\/strong><\/span><\/h5><p><span style=\"color: #333333;\"><a style=\"color: #333333;\" href=\"https:\/\/www.scai.fraunhofer.de\/de\/geschaeftsfelder\/bioinformatik\/forschungsfelder\/AI-DAS.html\"><span style=\"color: #3366ff;\">Fraunhofer SCAI &#8211; Biomedical AI &amp; Data Science<\/span><\/a> &#8211; Entwickelt, adaptiert und nutzt KI- und ML-Methoden. Ziel sind robuste, gut interpretierbare und evidenzbasierte Analysen biomedizinischer Daten. Der fachliche Fokus folgt einer Wertsch\u00f6pfungskette. Diese Ausrichtung passt weitgehend zu den Bedarfen von Pharma und Biotech sowie dem \u00f6ffentlichen Gesundheitswesen.<\/span><\/p><p><span style=\"color: #333333;\"><a style=\"color: #333333;\" href=\"https:\/\/www.mad.tf.fau.de\/research\/groups\/artificial-intelligence-in-medicine\/\"><span style=\"color: #3366ff;\"><span class=\"textlogo\"><span class=\"text\"><span id=\"website-title\" class=\"fau-title\">Friedrich-Alexander-Universit\u00e4t<\/span><\/span><\/span> &#8211; Artificial Intelligence in Medicine<\/span><\/a> &#8211; Der Schwerpunkt liegt auf der Entwicklung modernster Methoden des maschinellen Lernens, die in die klinische Praxis integriert werden k\u00f6nnen, um einen sp\u00fcrbaren Beitrag zur medizinischen Praxis und Forschung zu leisten. Zu den aktuellen Projekten geh\u00f6ren die Diagnose von Krankheiten, die Klassifizierung des Patientenzustands und die Patienten\u00fcberwachung. Ein Schwerpunkt ihrer Forschung liegt darauf, zu untersuchen, wie die j\u00fcngsten Durchbr\u00fcche bei gro\u00dfen Sprachmodellen (LLMs) und transformatorbasierten medizinischen Grundmodellen die Leistung bei komplexen medizinischen Aufgaben verbessern k\u00f6nnen, insbesondere in Szenarien mit begrenzten klinischen Daten. Ihre Arbeit umfasst ein breites Spektrum an Datentypen, darunter tabellarische Daten, Biosignale, medizinische und biomedizinische Bilder sowie multimodale Datens\u00e4tze.<\/span><\/p><p><span style=\"color: #333333;\"><span style=\"color: #3366ff;\"><a style=\"color: #3366ff;\" href=\"https:\/\/cordis.europa.eu\/project\/id\/101095387\">AISym4MED<\/a><\/span> &#8211; Das EU-finanzierte Projekt AISym4Med zielt darauf ab, eine Plattform zu schaffen, die die Entwicklung digitaler L\u00f6sungen und Dienste f\u00fcr medizinische Anwendungen unterst\u00fctzt, indem sie es Innovierenden erm\u00f6glicht, KI-Systeme in einer sicheren und vertrauensw\u00fcrdigen Umgebung zu bewerten und zu verbessern. Die Plattform wird zwei Hauptmodule umfassen &#8211; den Model Auditor, der eine transparente Bewertung von KI-Modellen in Bezug auf Leistung, Verzerrungen, Einschr\u00e4nkungen und Einhaltung der DSGVO unterst\u00fctzt, und den Data Synthesiser, der neue Dateninstanzen zur Verbesserung robusterer Modelle f\u00fcr eine bessere Repr\u00e4sentativit\u00e4t unterrepr\u00e4sentierter Gruppen und die Wahrung der Privatsph\u00e4re bereitstellt.\u00a0<\/span><\/p><p><span style=\"color: #333333;\"><span style=\"color: #3366ff;\"><a style=\"color: #3366ff;\" href=\"https:\/\/cordis.europa.eu\/project\/id\/857172\/de\">SMART BEAR<\/a><\/span> &#8211; Das EU-finanzierte Projekt SMART BEAR entwickelt eine Plattform mit verschiedensten Sensoren und mobilen Instrumenten zur kontinuierlichen Erfassung und Auswertung von Alltagsdaten, um personalisierte Interventionen anzubieten. Die L\u00f6sung von SMART BEAR wird im Rahmen von gr\u00f6\u00dferen Pilotprojekten mit 5\u00a0000 \u00e4lteren Menschen in Frankreich, Griechenland, Italien, Rum\u00e4nien und Spanien erprobt.<\/span><\/p><p data-start=\"1739\" data-end=\"1769\"><span style=\"color: #333333;\">Interdisziplin\u00e4re Gruppen kombinieren Sensorik, Bioelektronik und Machine Learning, darunter EU-Initiativen und Universit\u00e4ten mit Schwerpunkten in intelligenten Systemen.<\/span><\/p><h5 data-start=\"9045\" data-end=\"9176\"><span style=\"color: #333333;\"><strong data-start=\"9045\" data-end=\"9072\">Zeit bis zur Marktreife<\/strong><\/span><\/h5><p data-start=\"9045\" data-end=\"9176\"><span style=\"color: #333333;\">\u27a1 Viele KI\u2011gest\u00fctzte Anwendungen nehmen bereits heute Gestalt an; breite Anwendung in <strong data-start=\"9161\" data-end=\"9175\">2\u20135 Jahren<\/strong>.<\/span><\/p><h5 data-start=\"2414\" data-end=\"2656\"><span style=\"color: #333333;\"><strong>ausgesuchte Publikationen<\/strong><\/span><\/h5><p><span style=\"color: #333333;\">Fatima Naseer, Ufra Naseer, Muhammad Yousaf, Junnan Wei, Yuxuan Gao, Dan Li, Xiujia Tian, Yanqing Liu, Xueyan Li, Fang Wang, Ping Luo,<\/span><br \/><span style=\"color: #333333;\">AI-Integrated biosensors: A paradigm shift in multi-cancer detection with enhanced sensitivity and specificity, Sensors and Actuators Reports, Volume 11, 2026, 100439, doi. 10.1016\/j.snr.2026.100439. (<span style=\"color: #3366ff;\"><a style=\"color: #3366ff;\" href=\"https:\/\/www.sciencedirect.com\/science\/article\/pii\/S2666053926000068\">PDF<\/a><\/span>)<\/span><\/p><p><span style=\"color: #333333;\">Lawal OP, Opara IJ, Ayo-Ige A, et al. Artificial Intelligence-Integrated Biosensors for Antimicrobial Resistance Detection and Surveillance: A Review and Future Perspectives for Global Biosecurity.\u00a0<i>Cureus<\/i>. 2025;17(11):e98098. Published 2025 Nov 29. doi:10.7759\/cureus.98098. (<span style=\"color: #3366ff;\"><a style=\"color: #3366ff;\" href=\"https:\/\/pmc.ncbi.nlm.nih.gov\/articles\/PMC12750469\/\">PDF<\/a><\/span>)<\/span><\/p><p><span style=\"color: #333333;\">Sobhan A, Hossain A, Wei L, Muthukumarappan K, Ahmed M. IoT-Enabled Biosensors in Food Packaging: A Breakthrough in Food Safety for Monitoring Risks in Real Time.\u00a0<i>Foods<\/i>. 2025;14(8):1403. Published 2025 Apr 18. doi:10.3390\/foods14081403. (<span style=\"color: #3366ff;\"><a style=\"color: #3366ff;\" href=\"https:\/\/www.mdpi.com\/2304-8158\/14\/8\/1403\">PDF<\/a><\/span>)<\/span><\/p><p><span style=\"color: #333333;\">Abdellatif Ait Lahcen, Jegan Rajendran, Gymama Slaughter, Advances and challenges in digitally connected point-of-care biosensing,<\/span><br \/><span style=\"color: #333333;\">Biosensors and Bioelectronics: X, Volume 28, 2026, 100728, doi: 10.1016\/j.biosx.2025.100728. (<span style=\"color: #3366ff;\"><a style=\"color: #3366ff;\" href=\"https:\/\/www.sciencedirect.com\/science\/article\/pii\/S2590137025001554\">PDF<\/a><\/span>)<\/span><\/p><p><span style=\"color: #333333;\">Suryaprabha, T., Choi, C., Wu, Y.\u00a0<i>et al.<\/i>\u00a0Smart wearable and implantable biosensors for continuous health monitoring: materials, biocompatibility, and AI integration.\u00a0<i>npj Flex Electron<\/i>\u00a010, 46 (2026). doi: 10.1038\/s41528-026-00560-6. (<span style=\"color: #3366ff;\"><a style=\"color: #3366ff;\" href=\"https:\/\/www.nature.com\/articles\/s41528-026-00560-6\">PDF<\/a><\/span>)<\/span><\/p>\t\t\t\t\t\t\t\t<\/div>\n\t\t\t\t<\/div>\n\t\t\t\t<\/div>\n\t\t\t\t\t<\/div>\n\t\t\t\t<\/div>\n\t\t\t\t<\/div>","protected":false},"excerpt":{"rendered":"<p>KI\u2011integrierte Bioelektronik &amp; Echtzeit\u2011Datenanalyse Die Kombination von Bioelektronik mit K\u00fcnstlicher Intelligenz (KI) erm\u00f6glicht die direkte Auswertung biologischer Messsignale in Echtzeit, inklusive Mustererkennung, pr\u00e4diktiver Analytik und adaptiven Reaktionen. Hier wird nicht nur Rohmesswert \u00fcbertragen, sondern vor Ort verarbeitet und interpretiert. Wissenschaftlicher Kontext &amp; Abgrenzung Traditionelle Bioelektronik liefert oft gro\u00dfe Mengen an Daten, deren Analyse nachtr\u00e4glich stattfindet. [&hellip;]<\/p>\n","protected":false},"author":1,"featured_media":0,"parent":0,"menu_order":0,"comment_status":"closed","ping_status":"closed","template":"","meta":{"footnotes":""},"class_list":["post-749","page","type-page","status-publish","hentry"],"_links":{"self":[{"href":"https:\/\/bee-informed.de\/en\/wp-json\/wp\/v2\/pages\/749","targetHints":{"allow":["GET"]}}],"collection":[{"href":"https:\/\/bee-informed.de\/en\/wp-json\/wp\/v2\/pages"}],"about":[{"href":"https:\/\/bee-informed.de\/en\/wp-json\/wp\/v2\/types\/page"}],"author":[{"embeddable":true,"href":"https:\/\/bee-informed.de\/en\/wp-json\/wp\/v2\/users\/1"}],"replies":[{"embeddable":true,"href":"https:\/\/bee-informed.de\/en\/wp-json\/wp\/v2\/comments?post=749"}],"version-history":[{"count":13,"href":"https:\/\/bee-informed.de\/en\/wp-json\/wp\/v2\/pages\/749\/revisions"}],"predecessor-version":[{"id":885,"href":"https:\/\/bee-informed.de\/en\/wp-json\/wp\/v2\/pages\/749\/revisions\/885"}],"wp:attachment":[{"href":"https:\/\/bee-informed.de\/en\/wp-json\/wp\/v2\/media?parent=749"}],"curies":[{"name":"wp","href":"https:\/\/api.w.org\/{rel}","templated":true}]}}