{"id":759,"date":"2026-05-06T12:17:25","date_gmt":"2026-05-06T12:17:25","guid":{"rendered":"https:\/\/bee-informed.de\/?page_id=759"},"modified":"2026-05-06T12:17:35","modified_gmt":"2026-05-06T12:17:35","slug":"bioelektronik-fuer-offene-mikrofluidik-systeme","status":"publish","type":"page","link":"https:\/\/bee-informed.de\/en\/bioelektronik-fuer-offene-mikrofluidik-systeme\/","title":{"rendered":"Bioelektronik f\u00fcr offene Mikrofluidik-Systeme"},"content":{"rendered":"<div data-elementor-type=\"wp-page\" data-elementor-id=\"759\" class=\"elementor elementor-759\" data-elementor-post-type=\"page\">\n\t\t\t\t<div class=\"elementor-element elementor-element-fba7338 e-flex e-con-boxed e-con e-parent\" data-id=\"fba7338\" data-element_type=\"container\" data-e-type=\"container\">\n\t\t\t\t\t<div class=\"e-con-inner\">\n\t\t\t\t<div class=\"elementor-element elementor-element-571dd03 elementor-widget elementor-widget-heading\" data-id=\"571dd03\" data-element_type=\"widget\" data-e-type=\"widget\" data-widget_type=\"heading.default\">\n\t\t\t\t<div class=\"elementor-widget-container\">\n\t\t\t\t\t<h2 class=\"elementor-heading-title elementor-size-default\">Bioelektronik f\u00fcr offene Mikrofluidik-Systeme<\/h2>\t\t\t\t<\/div>\n\t\t\t\t<\/div>\n\t\t\t\t\t<\/div>\n\t\t\t\t<\/div>\n\t\t<div class=\"elementor-element elementor-element-c58e4a7 e-flex e-con-boxed e-con e-parent\" data-id=\"c58e4a7\" data-element_type=\"container\" data-e-type=\"container\">\n\t\t\t\t\t<div class=\"e-con-inner\">\n\t\t\t\t<div class=\"elementor-element elementor-element-5345a46 elementor-widget-divider--view-line elementor-widget elementor-widget-divider\" data-id=\"5345a46\" data-element_type=\"widget\" data-e-type=\"widget\" data-widget_type=\"divider.default\">\n\t\t\t\t<div class=\"elementor-widget-container\">\n\t\t\t\t\t\t\t<div class=\"elementor-divider\">\n\t\t\t<span class=\"elementor-divider-separator\">\n\t\t\t\t\t\t<\/span>\n\t\t<\/div>\n\t\t\t\t\t\t<\/div>\n\t\t\t\t<\/div>\n\t\t\t\t\t<\/div>\n\t\t\t\t<\/div>\n\t\t<div class=\"elementor-element elementor-element-1ed7072 e-con-full e-flex e-con e-parent\" data-id=\"1ed7072\" data-element_type=\"container\" data-e-type=\"container\">\n\t\t<div class=\"elementor-element elementor-element-016eaca e-con-full e-flex e-con e-child\" data-id=\"016eaca\" data-element_type=\"container\" data-e-type=\"container\">\n\t\t\t\t<div class=\"elementor-element elementor-element-b05b25f elementor-widget elementor-widget-image\" data-id=\"b05b25f\" data-element_type=\"widget\" data-e-type=\"widget\" data-widget_type=\"image.default\">\n\t\t\t\t<div class=\"elementor-widget-container\">\n\t\t\t\t\t\t\t\t\t\t\t\t\t\t\t<img fetchpriority=\"high\" decoding=\"async\" width=\"800\" height=\"450\" src=\"https:\/\/bee-informed.de\/wp-content\/uploads\/2026\/01\/9-1024x576.png\" class=\"attachment-large size-large wp-image-661\" alt=\"\" srcset=\"https:\/\/bee-informed.de\/wp-content\/uploads\/2026\/01\/9-1024x576.png 1024w, https:\/\/bee-informed.de\/wp-content\/uploads\/2026\/01\/9-300x169.png 300w, https:\/\/bee-informed.de\/wp-content\/uploads\/2026\/01\/9-768x432.png 768w, https:\/\/bee-informed.de\/wp-content\/uploads\/2026\/01\/9-18x10.png 18w, https:\/\/bee-informed.de\/wp-content\/uploads\/2026\/01\/9.png 1366w\" sizes=\"(max-width: 800px) 100vw, 800px\" \/>\t\t\t\t\t\t\t\t\t\t\t\t\t\t\t<\/div>\n\t\t\t\t<\/div>\n\t\t\t\t<\/div>\n\t\t<div class=\"elementor-element elementor-element-a697e47 e-con-full e-flex e-con e-child\" data-id=\"a697e47\" data-element_type=\"container\" data-e-type=\"container\">\n\t\t\t\t<div class=\"elementor-element elementor-element-10891e1 elementor-widget__width-initial elementor-widget elementor-widget-text-editor\" data-id=\"10891e1\" data-element_type=\"widget\" data-e-type=\"widget\" data-widget_type=\"text-editor.default\">\n\t\t\t\t<div class=\"elementor-widget-container\">\n\t\t\t\t\t\t\t\t\t<p data-start=\"10256\" data-end=\"10452\"><span style=\"color: #333333;\">Offene Mikrofluidik kombiniert mikrokanalbasierte Probenf\u00fchrung mit bioelektronischer Messung, ideal f\u00fcr <strong data-start=\"10385\" data-end=\"10421\">portable, feldtaugliche Analytik<\/strong> ohne zentrale Laborausr\u00fcstung.<\/span><\/p><h5 data-start=\"10454\" data-end=\"10735\"><span style=\"color: #333333;\"><strong data-start=\"10454\" data-end=\"10497\">Wissenschaftlicher Kontext &amp; Abgrenzung<\/strong><\/span><\/h5><p data-start=\"10454\" data-end=\"10735\"><span style=\"color: #333333;\">W\u00e4hrend klassische Mikrofluidik bisher vorrangig im Labor eingesetzt wird, erm\u00f6glicht die Integration mit Bioelektronik die <strong data-start=\"10624\" data-end=\"10662\">direkte, schnelle Analytik vor Ort<\/strong>, z.\u202fB. Wasser\u2011 oder Bodenproben.<\/span><\/p><h5 data-start=\"6448\" data-end=\"6478\"><span style=\"color: #333333;\"><strong data-start=\"6448\" data-end=\"6476\">Forschungsteams &amp; Projekte<\/strong><\/span><\/h5><p data-start=\"10737\" data-end=\"10898\"><span style=\"color: #333333;\"><a style=\"color: #333333;\" href=\"https:\/\/tu-freiberg.de\/fakultaet5\/esm\/ag-biosensoren\"><span style=\"color: #3366ff;\">TU Bergakademie Freiberg \u2013 Biosensors Group<\/span><\/a>\u00a0 &#8211;\u00a0 Die Gruppe zeichnet sich durch die Entwicklung von <strong>Biosensor-Assays<\/strong>\u00a0aus, die Biomolek\u00fcle und Mikro-\/Nanokompositen mit MEMS-Technologie und mikrofluidischen Systemen integrieren.<\/span><\/p><p data-start=\"10737\" data-end=\"10898\"><span style=\"color: #333333;\"><a style=\"color: #333333;\" href=\"https:\/\/www.oulu.fi\/en\/research-groups\/elbuken-lab-microfluidics-and-biosensor-research-group\"><span style=\"color: #3366ff;\">University of Oulu \u2013 Elbuken Lab<\/span><\/a> &#8211; Forschung erstreckt sich auf die Bereiche Mikrofluidik, Nanofluidik, Lab-on-a-Chip-Systeme, integrierte Mikrosysteme, Rheologie, nichtlineare Str\u00f6mungslehre und vaskul\u00e4re Str\u00f6mung. \u00a0<\/span><\/p><p data-start=\"10737\" data-end=\"10898\"><span style=\"color: #333333;\"><a style=\"color: #333333;\" href=\"https:\/\/www.demellogroup.ethz.ch\/\"><span style=\"color: #3366ff;\">ETH Z\u00fcrich \u2013 Andrew deMello Group<\/span><\/a> &#8211; Diese Forschungsgruppe befasst sich mit einem breiten Spektrum an Aktivit\u00e4ten im Bereich der Mikrofluidik und der Nanowissenschaften<\/span><\/p><p data-start=\"10737\" data-end=\"10898\"><span style=\"color: #333333;\"><span style=\"color: #3366ff;\"><a style=\"color: #3366ff;\" href=\"https:\/\/www.nextgenmicrofluidics.eu\/\">NextGenMicrofluidics<\/a><\/span> &#8211; EU &#8211; Projekt zur Bereitstellung einer Plattform zur Herstellung von auf nano-basierten Oberfl\u00e4chen (NES) und nano-basierten Membranen (NEMs) basierender Mikrofluidik auf gro\u00dffl\u00e4chigen Polymerfolien. Dieser Ansatz erm\u00f6glicht eine Skalierung auf einen hohen Durchsatz von 1 Million Ger\u00e4ten pro Jahr und mehr.<\/span><\/p><p data-start=\"10737\" data-end=\"10898\"><span style=\"color: #333333;\">Die hier genannten Teams und Projekte sind nur eine kleine Auswahl, international gibt es zahlreiche weitere Arbeiten zum Thema Bioelektronik f\u00fcr offene Mikrofluidik-Systeme.<\/span><\/p><h5 data-start=\"10900\" data-end=\"10966\"><span style=\"color: #333333;\"><strong data-start=\"10900\" data-end=\"10927\">Zeit bis zur Marktreife<\/strong><\/span><\/h5><p data-start=\"10900\" data-end=\"10966\"><span style=\"color: #333333;\">\u27a1 Mobile L\u00f6sungen in <strong data-start=\"10951\" data-end=\"10965\">1\u20134 Jahren<\/strong>.<\/span><\/p><h5 data-start=\"2414\" data-end=\"2656\"><span style=\"color: #333333;\"><strong>ausgesuchte Publikationen<\/strong><\/span><\/h5><p><span style=\"color: #333333;\">Ge T, Hu W, Zhang Z, He X, Wang L, Han X, Dai Z. Open and closed microfluidics for biosensing. Mater Today Bio. 2024 Apr 4;26:101048. doi: 10.1016\/j.mtbio.2024.101048. (<span style=\"color: #3366ff;\"><a style=\"color: #3366ff;\" href=\"https:\/\/www.sciencedirect.com\/science\/article\/pii\/S2590006424001078?via%3Dihub\">PDF<\/a><\/span>)<\/span><\/p><p><span style=\"color: #333333;\">Sharma DS, Jamwal VL, Siddharth PHS, Angurana SL, Gandhi SG, Rath D. Electrochemical microfluidic biosensors for the detection of cancer biomarker miRNAs. Talanta. 2025 Nov 1;294:128282. doi: 10.1016\/j.talanta.2025.128282. (<span style=\"color: #3366ff;\"><a style=\"color: #3366ff;\" href=\"https:\/\/www.sciencedirect.com\/science\/article\/abs\/pii\/S0039914025007726?via%3Dihub\">PDF<\/a><\/span>)<\/span><\/p><p><span style=\"color: #333333;\">Wang Y, Chen J, Zhang Y, Yang Z, Zhang K, Zhang D, Zheng L. Advancing Microfluidic Immunity Testing Systems: New Trends for Microbial Pathogen Detection. Molecules. 2024 Jul 15;29(14):3322. doi: 10.3390\/molecules29143322. (<a style=\"color: #333333;\" href=\"https:\/\/www.mdpi.com\/1420-3049\/29\/14\/3322\"><span style=\"color: #3366ff;\">PDF<\/span><\/a>)<\/span><\/p><p><span style=\"color: #333333;\">Zhang F, Zhao G, Ouyang Q, Chen S, Yan Z. Paper-based microfluidics for wearable soft bioelectronics. Lab Chip. 2026 Mar 4;26(5):1471-1488. doi: 10.1039\/d5lc00754b. (<span style=\"color: #3366ff;\"><a style=\"color: #3366ff;\" href=\"https:\/\/pubs.rsc.org\/en\/content\/articlelanding\/2026\/lc\/d5lc00754b\">PDF<\/a><\/span>)<\/span><\/p>\t\t\t\t\t\t\t\t<\/div>\n\t\t\t\t<\/div>\n\t\t\t\t<\/div>\n\t\t\t\t<\/div>\n\t\t\t\t<\/div>","protected":false},"excerpt":{"rendered":"<p>Bioelektronik f\u00fcr offene Mikrofluidik-Systeme Offene Mikrofluidik kombiniert mikrokanalbasierte Probenf\u00fchrung mit bioelektronischer Messung, ideal f\u00fcr portable, feldtaugliche Analytik ohne zentrale Laborausr\u00fcstung. Wissenschaftlicher Kontext &amp; Abgrenzung W\u00e4hrend klassische Mikrofluidik bisher vorrangig im Labor eingesetzt wird, erm\u00f6glicht die Integration mit Bioelektronik die direkte, schnelle Analytik vor Ort, z.\u202fB. Wasser\u2011 oder Bodenproben. Forschungsteams &amp; Projekte TU Bergakademie Freiberg \u2013 [&hellip;]<\/p>\n","protected":false},"author":1,"featured_media":0,"parent":0,"menu_order":0,"comment_status":"closed","ping_status":"closed","template":"","meta":{"footnotes":""},"class_list":["post-759","page","type-page","status-publish","hentry"],"_links":{"self":[{"href":"https:\/\/bee-informed.de\/en\/wp-json\/wp\/v2\/pages\/759","targetHints":{"allow":["GET"]}}],"collection":[{"href":"https:\/\/bee-informed.de\/en\/wp-json\/wp\/v2\/pages"}],"about":[{"href":"https:\/\/bee-informed.de\/en\/wp-json\/wp\/v2\/types\/page"}],"author":[{"embeddable":true,"href":"https:\/\/bee-informed.de\/en\/wp-json\/wp\/v2\/users\/1"}],"replies":[{"embeddable":true,"href":"https:\/\/bee-informed.de\/en\/wp-json\/wp\/v2\/comments?post=759"}],"version-history":[{"count":19,"href":"https:\/\/bee-informed.de\/en\/wp-json\/wp\/v2\/pages\/759\/revisions"}],"predecessor-version":[{"id":837,"href":"https:\/\/bee-informed.de\/en\/wp-json\/wp\/v2\/pages\/759\/revisions\/837"}],"wp:attachment":[{"href":"https:\/\/bee-informed.de\/en\/wp-json\/wp\/v2\/media?parent=759"}],"curies":[{"name":"wp","href":"https:\/\/api.w.org\/{rel}","templated":true}]}}