{"id":764,"date":"2026-05-06T12:28:41","date_gmt":"2026-05-06T12:28:41","guid":{"rendered":"https:\/\/bee-informed.de\/?page_id=764"},"modified":"2026-05-06T12:28:44","modified_gmt":"2026-05-06T12:28:44","slug":"biologisch-integrierte-energiesysteme","status":"publish","type":"page","link":"https:\/\/bee-informed.de\/en\/biologisch-integrierte-energiesysteme\/","title":{"rendered":"Biologisch integrierte Energiesysteme"},"content":{"rendered":"<div data-elementor-type=\"wp-page\" data-elementor-id=\"764\" class=\"elementor elementor-764\" data-elementor-post-type=\"page\">\n\t\t\t\t<div class=\"elementor-element elementor-element-d905719 e-flex e-con-boxed e-con e-parent\" data-id=\"d905719\" data-element_type=\"container\" data-e-type=\"container\">\n\t\t\t\t\t<div class=\"e-con-inner\">\n\t\t\t\t<div class=\"elementor-element elementor-element-fad9a16 elementor-widget elementor-widget-heading\" data-id=\"fad9a16\" data-element_type=\"widget\" data-e-type=\"widget\" data-widget_type=\"heading.default\">\n\t\t\t\t<div class=\"elementor-widget-container\">\n\t\t\t\t\t<h2 class=\"elementor-heading-title elementor-size-default\">Biologisch\u2011integrierte Energiesysteme<\/h2>\t\t\t\t<\/div>\n\t\t\t\t<\/div>\n\t\t\t\t<div class=\"elementor-element elementor-element-b177aa2 elementor-widget-divider--view-line elementor-widget elementor-widget-divider\" data-id=\"b177aa2\" data-element_type=\"widget\" data-e-type=\"widget\" data-widget_type=\"divider.default\">\n\t\t\t\t<div class=\"elementor-widget-container\">\n\t\t\t\t\t\t\t<div class=\"elementor-divider\">\n\t\t\t<span class=\"elementor-divider-separator\">\n\t\t\t\t\t\t<\/span>\n\t\t<\/div>\n\t\t\t\t\t\t<\/div>\n\t\t\t\t<\/div>\n\t\t\t\t\t<\/div>\n\t\t\t\t<\/div>\n\t\t<div class=\"elementor-element elementor-element-f22341b e-flex e-con-boxed e-con e-parent\" data-id=\"f22341b\" data-element_type=\"container\" data-e-type=\"container\">\n\t\t\t\t\t<div class=\"e-con-inner\">\n\t\t<div class=\"elementor-element elementor-element-0f48c81 e-con-full e-flex e-con e-child\" data-id=\"0f48c81\" data-element_type=\"container\" data-e-type=\"container\">\n\t\t\t\t<div class=\"elementor-element elementor-element-a9556e0 elementor-widget elementor-widget-image\" data-id=\"a9556e0\" data-element_type=\"widget\" data-e-type=\"widget\" data-widget_type=\"image.default\">\n\t\t\t\t<div class=\"elementor-widget-container\">\n\t\t\t\t\t\t\t\t\t\t\t\t\t\t\t<img fetchpriority=\"high\" decoding=\"async\" width=\"800\" height=\"450\" src=\"https:\/\/bee-informed.de\/wp-content\/uploads\/2026\/01\/8-1024x576.png\" class=\"attachment-large size-large wp-image-660\" alt=\"\" srcset=\"https:\/\/bee-informed.de\/wp-content\/uploads\/2026\/01\/8-1024x576.png 1024w, https:\/\/bee-informed.de\/wp-content\/uploads\/2026\/01\/8-300x169.png 300w, https:\/\/bee-informed.de\/wp-content\/uploads\/2026\/01\/8-768x432.png 768w, https:\/\/bee-informed.de\/wp-content\/uploads\/2026\/01\/8-18x10.png 18w, https:\/\/bee-informed.de\/wp-content\/uploads\/2026\/01\/8.png 1366w\" sizes=\"(max-width: 800px) 100vw, 800px\" \/>\t\t\t\t\t\t\t\t\t\t\t\t\t\t\t<\/div>\n\t\t\t\t<\/div>\n\t\t\t\t<\/div>\n\t\t<div class=\"elementor-element elementor-element-b685d11 e-con-full e-flex e-con e-child\" data-id=\"b685d11\" data-element_type=\"container\" data-e-type=\"container\">\n\t\t\t\t<div class=\"elementor-element elementor-element-9c02d4e elementor-widget elementor-widget-text-editor\" data-id=\"9c02d4e\" data-element_type=\"widget\" data-e-type=\"widget\" data-widget_type=\"text-editor.default\">\n\t\t\t\t<div class=\"elementor-widget-container\">\n\t\t\t\t\t\t\t\t\t<p data-start=\"11021\" data-end=\"11297\"><span style=\"color: #333333;\">Bioelektronische Energiesysteme nutzen nat\u00fcrliche Energiequellen (mikrobielle Aktivit\u00e4t, RF\u2011Harvesting, chemische Gradienten) zur autonomen Versorgung von Sensoren. Dadurch k\u00f6nnen Bioelektronik\u2011Netzwerke <strong data-start=\"11249\" data-end=\"11286\">wartungsfrei \u00fcber lange Zeitr\u00e4ume<\/strong> operieren.<\/span><\/p><h5 data-start=\"11299\" data-end=\"11555\"><span style=\"color: #333333;\"><strong data-start=\"11299\" data-end=\"11342\">Wissenschaftlicher Kontext &amp; Abgrenzung<\/strong><\/span><\/h5><p data-start=\"11299\" data-end=\"11555\"><span style=\"color: #333333;\">Vorhandene Systeme ben\u00f6tigen meist Batterien oder externe Energiezufuhr. Zukunftstechnologien greifen auf k\u00f6rpereigene oder umgebungsbasierte Energie zur\u00fcck und reduzieren somit Betriebskosten und Umweltimpact.<\/span><\/p><h5 data-start=\"1739\" data-end=\"1769\"><span style=\"color: #333333;\"><strong>Forschungsteams &amp; Projekte<\/strong><\/span><\/h5><p><span style=\"color: #333333;\"><a style=\"color: #333333;\" href=\"https:\/\/ethz.ch\/de\/news-und-veranstaltungen\/eth-news\/news\/2023\/03\/medienmitteilung-mit-blutzucker-strom-erzeugen.html\"><span style=\"color: #3366ff;\">ETH Z\u00fcrich \u2013 Biotechnology &amp; Bioengineering (Prof. Martin Fussenegger)<\/span><\/a> &#8211; haben eine implantierbare Brennstoffzelle entwickelt, die \u00fcbersch\u00fcssigen Blutzucker (Glukose) aus dem Gewebe nutzt, um daraus elektrische Energie zu erzeugen. Die Brennstoffzelle wiederum kombinierten die Forschenden mit bereits vor einigen Jahren in ihrer Gruppe entwickelten k\u00fcnstlichen Beta-Zellen, die wie ihre nat\u00fcrlichen Vorbilder in der Bauchspeicheldr\u00fcse Insulin produzieren und den Blutzuckerspiegel wirksam senken.<\/span><\/p><p><span style=\"color: #333333;\"><span style=\"color: #3366ff;\"><a style=\"color: #3366ff;\" href=\"https:\/\/joewang.ucsd.edu\/\">University of California, San Diego (UCSD) \u2013\u00a0NanoBioElectronic (NBE) Lab (Prof. Joseph Wang)<\/a><\/span> &#8211; Arbeitsgruppe ist unter den weltweit F\u00fchrenden bei &#8222;Tattoo-Sensoren&#8220; und dehnbaren Brennstoffzellen. <!--TgQPHd|[]--><!--TgQPHd|[]--><span data-sfc-cp=\"\" data-sfc-root=\"c\" data-sfc-cb=\"\" data-complete=\"true\" aria-owns=\"action-menu-parent-container\" data-copy-service-computed-style=\"font-family: &quot;Google Sans&quot;, Arial, sans-serif; font-size: 16px; font-weight: 400; margin: 0px; text-decoration: none; border-bottom: 0px rgb(10, 10, 10);\">Highlight:<!--TgQPHd|[]--> Sie entwickelten ein Pflaster, das genug Energie aus Schwei\u00df gewinnt, um eine LED oder ein Bluetooth-Modul zu betreiben.<\/span><\/span><\/p><p><span style=\"color: #333333;\"><span style=\"color: #3366ff;\"><a style=\"color: #3366ff;\" href=\"https:\/\/mmne.bits-hyderabad.ac.in\/\">IIT Delhi \u2013 <\/a><\/span><span class=\"gc8pMd C9DxTc\"><span style=\"color: #3366ff;\"><a style=\"color: #3366ff;\" href=\"https:\/\/mmne.bits-hyderabad.ac.in\/\">MEMS, Microfluidics and Nanoelectronics (MMNE) Lab<\/a><\/span> &#8211; <\/span>Das Labor f\u00fcr MEMS, Mikrofluidik und Nanoelektronik ist ein interdisziplin\u00e4res Gemeinschaftsprojekt der verschiedenen Fachbereiche am BITS-Pilani-Campus in Hyderabad. Das MEMS-, Mikrofluidik- und Nanoelektronik-Labor (MMNE) arbeitet an der Entwicklung zukunftsweisender intelligenter Sensoren und intelligenter Energiegewinnungssysteme, die verschiedene interdisziplin\u00e4re Bereiche abdecken, darunter (unter anderem) Energiegewinnung, Mikrofluidik, Gesundheitswesen und Umwelt sowie druckbare und flexible Elektronik.<\/span><\/p><p><span style=\"color: #333333;\"><span style=\"color: #3366ff;\"><a style=\"color: #3366ff;\" href=\"https:\/\/www.cadfem.net\/de\/de\/cadfem-informiert\/media-center\/cadfem-journal\/mithras-uhrenantrieb-durch-umgewandelte-koerperwaerme.html\">Mithras Technology AG<\/a><\/span> &#8211; entwickelt Systeme, \u00fcber die die menschliche K\u00f6rperw\u00e4rme in elektrische Energie umgewandelt wird.<\/span><\/p><p class=\"ng-binding\"><span style=\"color: #333333;\"><a style=\"color: #333333;\" href=\"https:\/\/gepris.dfg.de\/gepris\/projekt\/13001660\/ergebnisse\"><span style=\"color: #3366ff;\">Micro Energy Harvesting &#8211; Graduiertenkolleg GRK 1322<\/span><\/a> &#8211; \u201eMicro Energy Harvesting&#8220; ist das Schlagwort f\u00fcr ein v\u00f6llig neuartiges Konzept, um verteilte Systeme &#8211; bevorzugt kleine, robuste und leistungsarme Mikrosysteme &#8211; ohne Kabel oder Batterie zuverl\u00e4ssig mit Energie zu versorgen. Dieses Konzept folgt im Grundsatz den Prinzipien biologischer Energiesysteme. Die ben\u00f6tigte elektrische Energie wird aus der unmittelbaren Umgebung des Systemknotens \u201egeerntet\u201c. Mechanische Energie aus Vibration, Schall oder Str\u00f6mung kann beispielsweise mit piezoe-lektrischen, elektromagnetischen oder kapazitiven Generatoren gewonnen werden, W\u00e4rmeenergie mit thermoelektrischen Wandlern, Energie aus Licht mit Solarzellen und chemische Bindungsenergie mit Bio-Brennstoffzellen.<\/span><\/p><p data-start=\"11557\" data-end=\"11709\"><span style=\"color: #333333;\">Die hier genannten Teams und Projekte sind nur eine kleine Auswahl, international gibt es zahlreiche weitere Arbeiten zum Thema biologisch-integrierte Energiesysteme.<\/span><\/p><h5 data-start=\"11711\" data-end=\"11819\"><span style=\"color: #333333;\"><strong data-start=\"11711\" data-end=\"11738\">Zeit bis zur Marktreife<\/strong><\/span><\/h5><p data-start=\"11711\" data-end=\"11819\"><span style=\"color: #333333;\">\u27a1 Kommerzielle autonome Energieversorgung f\u00fcr Bioelektronik in <strong data-start=\"11804\" data-end=\"11818\">3\u20138 Jahren<\/strong>.<\/span><\/p><h5 data-start=\"2414\" data-end=\"2656\"><span style=\"color: #333333;\"><strong>ausgesuchte Publikationen<\/strong><\/span><\/h5><p><span style=\"color: #333333;\">Biswas S, Lee SW, Lee Y, Choi HJ, Chen J, Yang X, Du Y, Falcone N, de Barros NR, Lee SM, Kim H, Khademhosseini A, Zhu Y. Emerging Energy Harvesters in Flexible Bioelectronics: From Wearable Devices to Biomedical Innovations. Small Sci. 2024 Jan 29;4(3):2300148. doi: 10.1002\/smsc.202300148.\u00a0 (<span style=\"color: #3366ff;\"><a style=\"color: #3366ff;\" href=\"https:\/\/pmc.ncbi.nlm.nih.gov\/articles\/PMC11934994\/\">PDF<\/a><\/span>)<\/span><\/p><p><span style=\"color: #333333;\">Xu M, Liu Y, Yang K, Li S, Wang M, Wang J, Yang D, Shkunov M, Silva SRP, Castro FA, Zhao Y. Minimally invasive power sources for implantable electronics. Exploration (Beijing). 2023 Aug 31;4(1):20220106. doi: 10.1002\/EXP.20220106. (<span style=\"color: #3366ff;\"><a style=\"color: #3366ff;\" href=\"https:\/\/pmc.ncbi.nlm.nih.gov\/articles\/PMC10867386\/\">PDF<\/a><\/span>)<\/span><\/p><p><span style=\"color: #333333;\">Fredj Z, Rong G, Sawan M. Recent Advances in Enzymatic Biofuel Cells to Power Up Wearable and Implantable Biosensors. Biosensors (Basel). 2025 Mar 28;15(4):218. doi: 10.3390\/bios15040218. (<span style=\"color: #3366ff;\"><a style=\"color: #3366ff;\" href=\"https:\/\/pmc.ncbi.nlm.nih.gov\/articles\/PMC12024621\/\">PDF<\/a><\/span>)<\/span><\/p><p><span style=\"color: #333333;\">Maddalwar S, Kumar Nayak K, Kumar M, Singh L. Plant microbial fuel cell: Opportunities, challenges, and prospects. Bioresour Technol. 2021 Dec;341:125772. doi: 10.1016\/j.biortech.2021.125772. (<span style=\"color: #3366ff;\"><a style=\"color: #3366ff;\" href=\"https:\/\/www.sciencedirect.com\/science\/article\/abs\/pii\/S0960852421011135?via%3Dihub\">PDF<\/a><\/span>)<\/span><\/p><p><span style=\"color: #333333;\">Shi J, Li P, Kim S, Tian B. Implantable bioelectronic devices for photoelectrochemical and electrochemical modulation of cells and tissues. Nat Rev Bioeng. 2025 Jun;3(6):485-504. doi: 10.1038\/s44222-025-00285-7. (<span style=\"color: #3366ff;\"><a style=\"color: #3366ff;\" href=\"https:\/\/pmc.ncbi.nlm.nih.gov\/articles\/PMC12381665\/\">PDF<\/a><\/span>)<\/span><\/p>\t\t\t\t\t\t\t\t<\/div>\n\t\t\t\t<\/div>\n\t\t\t\t<\/div>\n\t\t\t\t\t<\/div>\n\t\t\t\t<\/div>\n\t\t\t\t<\/div>","protected":false},"excerpt":{"rendered":"<p>Biologisch\u2011integrierte Energiesysteme Bioelektronische Energiesysteme nutzen nat\u00fcrliche Energiequellen (mikrobielle Aktivit\u00e4t, RF\u2011Harvesting, chemische Gradienten) zur autonomen Versorgung von Sensoren. Dadurch k\u00f6nnen Bioelektronik\u2011Netzwerke wartungsfrei \u00fcber lange Zeitr\u00e4ume operieren. Wissenschaftlicher Kontext &amp; Abgrenzung Vorhandene Systeme ben\u00f6tigen meist Batterien oder externe Energiezufuhr. Zukunftstechnologien greifen auf k\u00f6rpereigene oder umgebungsbasierte Energie zur\u00fcck und reduzieren somit Betriebskosten und Umweltimpact. Forschungsteams &amp; Projekte ETH [&hellip;]<\/p>\n","protected":false},"author":1,"featured_media":0,"parent":0,"menu_order":0,"comment_status":"closed","ping_status":"closed","template":"","meta":{"footnotes":""},"class_list":["post-764","page","type-page","status-publish","hentry"],"_links":{"self":[{"href":"https:\/\/bee-informed.de\/en\/wp-json\/wp\/v2\/pages\/764","targetHints":{"allow":["GET"]}}],"collection":[{"href":"https:\/\/bee-informed.de\/en\/wp-json\/wp\/v2\/pages"}],"about":[{"href":"https:\/\/bee-informed.de\/en\/wp-json\/wp\/v2\/types\/page"}],"author":[{"embeddable":true,"href":"https:\/\/bee-informed.de\/en\/wp-json\/wp\/v2\/users\/1"}],"replies":[{"embeddable":true,"href":"https:\/\/bee-informed.de\/en\/wp-json\/wp\/v2\/comments?post=764"}],"version-history":[{"count":22,"href":"https:\/\/bee-informed.de\/en\/wp-json\/wp\/v2\/pages\/764\/revisions"}],"predecessor-version":[{"id":849,"href":"https:\/\/bee-informed.de\/en\/wp-json\/wp\/v2\/pages\/764\/revisions\/849"}],"wp:attachment":[{"href":"https:\/\/bee-informed.de\/en\/wp-json\/wp\/v2\/media?parent=764"}],"curies":[{"name":"wp","href":"https:\/\/api.w.org\/{rel}","templated":true}]}}