{"id":901,"date":"2026-05-07T12:11:00","date_gmt":"2026-05-07T12:11:00","guid":{"rendered":"https:\/\/bee-informed.de\/?page_id=901"},"modified":"2026-05-07T12:15:37","modified_gmt":"2026-05-07T12:15:37","slug":"einfuehrung-in-die-bioelektronik","status":"publish","type":"page","link":"https:\/\/bee-informed.de\/en\/einfuehrung-in-die-bioelektronik\/","title":{"rendered":"Einf\u00fchrung in die Bioelektronik"},"content":{"rendered":"<div data-elementor-type=\"wp-page\" data-elementor-id=\"901\" class=\"elementor elementor-901\" data-elementor-post-type=\"page\">\n\t\t\t\t<div class=\"elementor-element elementor-element-76c1615 e-flex e-con-boxed e-con e-parent\" data-id=\"76c1615\" data-element_type=\"container\" data-e-type=\"container\">\n\t\t\t\t\t<div class=\"e-con-inner\">\n\t\t\t\t<div class=\"elementor-element elementor-element-6cfe9c5 elementor-widget elementor-widget-heading\" data-id=\"6cfe9c5\" data-element_type=\"widget\" data-e-type=\"widget\" data-widget_type=\"heading.default\">\n\t\t\t\t<div class=\"elementor-widget-container\">\n\t\t\t\t\t<h2 class=\"elementor-heading-title elementor-size-default\">Einf\u00fchrung in die Bioelektronik<\/h2>\t\t\t\t<\/div>\n\t\t\t\t<\/div>\n\t\t\t\t<div class=\"elementor-element elementor-element-bbda5b5 elementor-widget-divider--view-line elementor-widget elementor-widget-divider\" data-id=\"bbda5b5\" data-element_type=\"widget\" data-e-type=\"widget\" data-widget_type=\"divider.default\">\n\t\t\t\t<div class=\"elementor-widget-container\">\n\t\t\t\t\t\t\t<div class=\"elementor-divider\">\n\t\t\t<span class=\"elementor-divider-separator\">\n\t\t\t\t\t\t<\/span>\n\t\t<\/div>\n\t\t\t\t\t\t<\/div>\n\t\t\t\t<\/div>\n\t\t\t\t<div class=\"elementor-element elementor-element-9a38df4 elementor-widget elementor-widget-image\" data-id=\"9a38df4\" data-element_type=\"widget\" data-e-type=\"widget\" data-widget_type=\"image.default\">\n\t\t\t\t<div class=\"elementor-widget-container\">\n\t\t\t\t\t\t\t\t\t\t\t\t\t\t\t<img fetchpriority=\"high\" decoding=\"async\" width=\"800\" height=\"800\" src=\"https:\/\/bee-informed.de\/wp-content\/uploads\/2026\/05\/element-550832-Bioelektronik-beschftigt-sich-.png\" class=\"attachment-large size-large wp-image-903\" alt=\"\" srcset=\"https:\/\/bee-informed.de\/wp-content\/uploads\/2026\/05\/element-550832-Bioelektronik-beschftigt-sich-.png 1024w, https:\/\/bee-informed.de\/wp-content\/uploads\/2026\/05\/element-550832-Bioelektronik-beschftigt-sich--300x300.png 300w, https:\/\/bee-informed.de\/wp-content\/uploads\/2026\/05\/element-550832-Bioelektronik-beschftigt-sich--150x150.png 150w, https:\/\/bee-informed.de\/wp-content\/uploads\/2026\/05\/element-550832-Bioelektronik-beschftigt-sich--768x768.png 768w, https:\/\/bee-informed.de\/wp-content\/uploads\/2026\/05\/element-550832-Bioelektronik-beschftigt-sich--12x12.png 12w\" sizes=\"(max-width: 800px) 100vw, 800px\" \/>\t\t\t\t\t\t\t\t\t\t\t\t\t\t\t<\/div>\n\t\t\t\t<\/div>\n\t\t\t\t\t<\/div>\n\t\t\t\t<\/div>\n\t\t<div class=\"elementor-element elementor-element-f07327d e-flex e-con-boxed e-con e-parent\" data-id=\"f07327d\" data-element_type=\"container\" data-e-type=\"container\">\n\t\t\t\t\t<div class=\"e-con-inner\">\n\t\t<div class=\"elementor-element elementor-element-1ad815c e-con-full e-flex e-con e-child\" data-id=\"1ad815c\" data-element_type=\"container\" data-e-type=\"container\">\n\t\t\t\t<div class=\"elementor-element elementor-element-513a6bc elementor-widget elementor-widget-text-editor\" data-id=\"513a6bc\" data-element_type=\"widget\" data-e-type=\"widget\" data-widget_type=\"text-editor.default\">\n\t\t\t\t<div class=\"elementor-widget-container\">\n\t\t\t\t\t\t\t\t\t<p>Bioelektronik besch\u00e4ftigt sich mit der Wechselwirkung zwischen biologischen Systemen und elektronischer Technologie. Ziel ist es, biologische Prozesse elektrisch messbar zu machen, diese Signale zu analysieren und daraus Informationen \u00fcber den Zustand eines Systems zu gewinnen.<\/p><p>Grundlage daf\u00fcr ist die elektrische Aktivit\u00e4t biologischer Zellen. Durch die Bewegung von Ionen \u00fcber Zellmembranen entstehen Spannungsunterschiede, sogenannte Membranpotenziale. Ver\u00e4nderungen dieser Potenziale erzeugen elektrische Signale, die sich in vielen biologischen Systemen beobachten lassen \u2013 unter anderem im Gehirn, in Muskeln, im Herzen oder sogar in Pflanzen.<\/p>\t\t\t\t\t\t\t\t<\/div>\n\t\t\t\t<\/div>\n\t\t\t\t<\/div>\n\t\t<div class=\"elementor-element elementor-element-3cdf47e e-con-full e-flex e-con e-child\" data-id=\"3cdf47e\" data-element_type=\"container\" data-e-type=\"container\">\n\t\t\t\t<div class=\"elementor-element elementor-element-1861f9c elementor-invisible elementor-widget elementor-widget-image\" data-id=\"1861f9c\" data-element_type=\"widget\" data-e-type=\"widget\" data-settings=\"{&quot;_animation&quot;:&quot;zoomIn&quot;}\" data-widget_type=\"image.default\">\n\t\t\t\t<div class=\"elementor-widget-container\">\n\t\t\t\t\t\t\t\t\t\t\t\t\t\t\t\t<a href=\"http:\/\/bee-informed.de\/wp-content\/uploads\/2026\/05\/element-550946-elektrische-Aktivitt-biologisc.png\">\n\t\t\t\t\t\t\t<img decoding=\"async\" width=\"800\" height=\"800\" src=\"https:\/\/bee-informed.de\/wp-content\/uploads\/2026\/05\/element-550946-elektrische-Aktivitt-biologisc.png\" class=\"attachment-large size-large wp-image-904\" alt=\"\" srcset=\"https:\/\/bee-informed.de\/wp-content\/uploads\/2026\/05\/element-550946-elektrische-Aktivitt-biologisc.png 1024w, https:\/\/bee-informed.de\/wp-content\/uploads\/2026\/05\/element-550946-elektrische-Aktivitt-biologisc-300x300.png 300w, https:\/\/bee-informed.de\/wp-content\/uploads\/2026\/05\/element-550946-elektrische-Aktivitt-biologisc-150x150.png 150w, https:\/\/bee-informed.de\/wp-content\/uploads\/2026\/05\/element-550946-elektrische-Aktivitt-biologisc-768x768.png 768w, https:\/\/bee-informed.de\/wp-content\/uploads\/2026\/05\/element-550946-elektrische-Aktivitt-biologisc-12x12.png 12w\" sizes=\"(max-width: 800px) 100vw, 800px\" \/>\t\t\t\t\t\t\t\t<\/a>\n\t\t\t\t\t\t\t\t\t\t\t\t\t\t\t<\/div>\n\t\t\t\t<\/div>\n\t\t\t\t<\/div>\n\t\t<div class=\"elementor-element elementor-element-ea81435 e-con-full e-flex e-con e-child\" data-id=\"ea81435\" data-element_type=\"container\" data-e-type=\"container\">\n\t\t\t\t<div class=\"elementor-element elementor-element-b482a14 elementor-widget elementor-widget-image\" data-id=\"b482a14\" data-element_type=\"widget\" data-e-type=\"widget\" data-widget_type=\"image.default\">\n\t\t\t\t<div class=\"elementor-widget-container\">\n\t\t\t\t\t\t\t\t\t\t\t\t\t\t\t\t<a href=\"http:\/\/bee-informed.de\/wp-content\/uploads\/2026\/05\/element-551005-Je-nach-Ursprung-unterscheiden.png\">\n\t\t\t\t\t\t\t<img decoding=\"async\" width=\"800\" height=\"800\" src=\"https:\/\/bee-informed.de\/wp-content\/uploads\/2026\/05\/element-551005-Je-nach-Ursprung-unterscheiden.png\" class=\"attachment-large size-large wp-image-905\" alt=\"\" srcset=\"https:\/\/bee-informed.de\/wp-content\/uploads\/2026\/05\/element-551005-Je-nach-Ursprung-unterscheiden.png 1024w, https:\/\/bee-informed.de\/wp-content\/uploads\/2026\/05\/element-551005-Je-nach-Ursprung-unterscheiden-300x300.png 300w, https:\/\/bee-informed.de\/wp-content\/uploads\/2026\/05\/element-551005-Je-nach-Ursprung-unterscheiden-150x150.png 150w, https:\/\/bee-informed.de\/wp-content\/uploads\/2026\/05\/element-551005-Je-nach-Ursprung-unterscheiden-768x768.png 768w, https:\/\/bee-informed.de\/wp-content\/uploads\/2026\/05\/element-551005-Je-nach-Ursprung-unterscheiden-12x12.png 12w\" sizes=\"(max-width: 800px) 100vw, 800px\" \/>\t\t\t\t\t\t\t\t<\/a>\n\t\t\t\t\t\t\t\t\t\t\t\t\t\t\t<\/div>\n\t\t\t\t<\/div>\n\t\t\t\t<\/div>\n\t\t<div class=\"elementor-element elementor-element-b39e540 e-con-full e-flex e-con e-child\" data-id=\"b39e540\" data-element_type=\"container\" data-e-type=\"container\">\n\t\t\t\t<div class=\"elementor-element elementor-element-c378a33 elementor-widget elementor-widget-text-editor\" data-id=\"c378a33\" data-element_type=\"widget\" data-e-type=\"widget\" data-widget_type=\"text-editor.default\">\n\t\t\t\t<div class=\"elementor-widget-container\">\n\t\t\t\t\t\t\t\t\t<p>Je nach Ursprung unterscheiden sich diese Biosignale deutlich in ihrer Struktur. Das Elektroenzephalogramm (EEG) misst die synchronisierte Aktivit\u00e4t vieler Nervenzellen gleichzeitig und liefert sehr kleine, komplexe und st\u00f6ranf\u00e4llige Signale. Das Elektromyogramm (EMG) erfasst elektrische Aktivit\u00e4t in Muskeln und erzeugt typischerweise st\u00e4rkere und schnellere Signale. Das Elektrocardiogramm (ECG bzw. EKG) misst die geordnete Ausbreitung elektrischer Erregung im Herzen und zeigt dadurch charakteristische rhythmische Muster. Auch Pflanzen reagieren elektrisch auf Reize wie Licht, Ber\u00fchrung oder Trockenstress und ver\u00e4ndern dabei messbare elektrische Potenziale.<\/p>\t\t\t\t\t\t\t\t<\/div>\n\t\t\t\t<\/div>\n\t\t\t\t<\/div>\n\t\t\t\t\t<\/div>\n\t\t\t\t<\/div>\n\t\t<div class=\"elementor-element elementor-element-93b1958 e-flex e-con-boxed e-con e-parent\" data-id=\"93b1958\" data-element_type=\"container\" data-e-type=\"container\">\n\t\t\t\t\t<div class=\"e-con-inner\">\n\t\t<div class=\"elementor-element elementor-element-bad6d36 e-con-full e-flex e-con e-child\" data-id=\"bad6d36\" data-element_type=\"container\" data-e-type=\"container\">\n\t\t\t\t<div class=\"elementor-element elementor-element-438ba2d elementor-widget elementor-widget-text-editor\" data-id=\"438ba2d\" data-element_type=\"widget\" data-e-type=\"widget\" data-widget_type=\"text-editor.default\">\n\t\t\t\t<div class=\"elementor-widget-container\">\n\t\t\t\t\t\t\t\t\t<p>Um solche Signale erfassen zu k\u00f6nnen, werden Elektroden eingesetzt. Sie bilden die Schnittstelle zwischen biologischem System und elektronischer Messung. Dabei entsteht immer ein technischer Kompromiss: Oberfl\u00e4chenelektroden sind einfach und nicht invasiv, liefern jedoch oft verrauschte Signale. Nadelelektroden oder implantierte Mikroelektroden erm\u00f6glichen pr\u00e4zisere Messungen direkt am biologischen Ursprung, erh\u00f6hen jedoch technische Komplexit\u00e4t und biologische Risiken.<\/p>\t\t\t\t\t\t\t\t<\/div>\n\t\t\t\t<\/div>\n\t\t\t\t<\/div>\n\t\t<div class=\"elementor-element elementor-element-bd2db8c e-con-full e-flex e-con e-child\" data-id=\"bd2db8c\" data-element_type=\"container\" data-e-type=\"container\">\n\t\t\t\t<div class=\"elementor-element elementor-element-c62de13 elementor-widget elementor-widget-image\" data-id=\"c62de13\" data-element_type=\"widget\" data-e-type=\"widget\" data-widget_type=\"image.default\">\n\t\t\t\t<div class=\"elementor-widget-container\">\n\t\t\t\t\t\t\t\t\t\t\t\t\t\t\t\t<a href=\"http:\/\/bee-informed.de\/wp-content\/uploads\/2026\/05\/element-551011-Um-solche-Signale-erfassen-zu-.png\">\n\t\t\t\t\t\t\t<img loading=\"lazy\" decoding=\"async\" width=\"800\" height=\"800\" src=\"https:\/\/bee-informed.de\/wp-content\/uploads\/2026\/05\/element-551011-Um-solche-Signale-erfassen-zu-.png\" class=\"attachment-large size-large wp-image-906\" alt=\"\" srcset=\"https:\/\/bee-informed.de\/wp-content\/uploads\/2026\/05\/element-551011-Um-solche-Signale-erfassen-zu-.png 1024w, https:\/\/bee-informed.de\/wp-content\/uploads\/2026\/05\/element-551011-Um-solche-Signale-erfassen-zu--300x300.png 300w, https:\/\/bee-informed.de\/wp-content\/uploads\/2026\/05\/element-551011-Um-solche-Signale-erfassen-zu--150x150.png 150w, https:\/\/bee-informed.de\/wp-content\/uploads\/2026\/05\/element-551011-Um-solche-Signale-erfassen-zu--768x768.png 768w, https:\/\/bee-informed.de\/wp-content\/uploads\/2026\/05\/element-551011-Um-solche-Signale-erfassen-zu--12x12.png 12w\" sizes=\"(max-width: 800px) 100vw, 800px\" \/>\t\t\t\t\t\t\t\t<\/a>\n\t\t\t\t\t\t\t\t\t\t\t\t\t\t\t<\/div>\n\t\t\t\t<\/div>\n\t\t\t\t<\/div>\n\t\t<div class=\"elementor-element elementor-element-b752398 e-con-full e-flex e-con e-child\" data-id=\"b752398\" data-element_type=\"container\" data-e-type=\"container\">\n\t\t\t\t<div class=\"elementor-element elementor-element-f55c150 elementor-widget elementor-widget-image\" data-id=\"f55c150\" data-element_type=\"widget\" data-e-type=\"widget\" data-widget_type=\"image.default\">\n\t\t\t\t<div class=\"elementor-widget-container\">\n\t\t\t\t\t\t\t\t\t\t\t\t\t\t\t\t<a href=\"http:\/\/bee-informed.de\/wp-content\/uploads\/2026\/05\/element-551023-Ein-zentrales-Problem-bioelekt.png\">\n\t\t\t\t\t\t\t<img loading=\"lazy\" decoding=\"async\" width=\"800\" height=\"800\" src=\"https:\/\/bee-informed.de\/wp-content\/uploads\/2026\/05\/element-551023-Ein-zentrales-Problem-bioelekt.png\" class=\"attachment-large size-large wp-image-907\" alt=\"\" srcset=\"https:\/\/bee-informed.de\/wp-content\/uploads\/2026\/05\/element-551023-Ein-zentrales-Problem-bioelekt.png 1024w, https:\/\/bee-informed.de\/wp-content\/uploads\/2026\/05\/element-551023-Ein-zentrales-Problem-bioelekt-300x300.png 300w, https:\/\/bee-informed.de\/wp-content\/uploads\/2026\/05\/element-551023-Ein-zentrales-Problem-bioelekt-150x150.png 150w, https:\/\/bee-informed.de\/wp-content\/uploads\/2026\/05\/element-551023-Ein-zentrales-Problem-bioelekt-768x768.png 768w, https:\/\/bee-informed.de\/wp-content\/uploads\/2026\/05\/element-551023-Ein-zentrales-Problem-bioelekt-12x12.png 12w\" sizes=\"(max-width: 800px) 100vw, 800px\" \/>\t\t\t\t\t\t\t\t<\/a>\n\t\t\t\t\t\t\t\t\t\t\t\t\t\t\t<\/div>\n\t\t\t\t<\/div>\n\t\t\t\t<\/div>\n\t\t<div class=\"elementor-element elementor-element-e018aa4 e-con-full e-flex e-con e-child\" data-id=\"e018aa4\" data-element_type=\"container\" data-e-type=\"container\">\n\t\t\t\t<div class=\"elementor-element elementor-element-7378b6c elementor-widget elementor-widget-text-editor\" data-id=\"7378b6c\" data-element_type=\"widget\" data-e-type=\"widget\" data-widget_type=\"text-editor.default\">\n\t\t\t\t<div class=\"elementor-widget-container\">\n\t\t\t\t\t\t\t\t\t<p>Ein zentrales Problem bioelektronischer Systeme besteht darin, dass gemessene Biosignale nicht nur die gew\u00fcnschte Information enthalten. Zus\u00e4tzlich treten Rauschen, Bewegungsartefakte, Umwelteinfl\u00fcsse oder Ver\u00e4nderungen des Elektrodenkontakts auf. Rohsignale wirken deshalb oft chaotisch und sind ohne weitere Verarbeitung schwer interpretierbar.<\/p><p>Die Signalverarbeitung spielt daher eine zentrale Rolle in der Bioelektronik. Durch Verst\u00e4rkung, Filterung und mathematische Analyse k\u00f6nnen relevante Strukturen sichtbar gemacht werden. Besonders wichtig ist dabei die Frequenzanalyse. Viele biologische Prozesse arbeiten rhythmisch und erzeugen charakteristische Frequenzmuster. Mithilfe von Verfahren wie der Fourier-Transformation lassen sich diese Frequenzen identifizieren und analysieren. So k\u00f6nnen beispielsweise Hirnrhythmen im EEG, Herzrhythmen im ECG oder Stressreaktionen in Pflanzen erkannt werden.<\/p><p>Damit aus einem Biosignal schlie\u00dflich verwertbare Information entsteht, m\u00fcssen charakteristische Merkmale \u2013 sogenannte Features \u2013 aus dem Signal extrahiert werden. Dazu geh\u00f6ren beispielsweise Amplituden, Frequenzen, zeitliche Abst\u00e4nde oder typische Muster. Algorithmen und KI-Systeme nutzen diese Informationen, um biologische Zust\u00e4nde zu klassifizieren, Anomalien zu erkennen oder technische Systeme zu steuern.<\/p>\t\t\t\t\t\t\t\t<\/div>\n\t\t\t\t<\/div>\n\t\t\t\t<\/div>\n\t\t\t\t\t<\/div>\n\t\t\t\t<\/div>\n\t\t<div class=\"elementor-element elementor-element-f6b2f1a e-flex e-con-boxed e-con e-parent\" data-id=\"f6b2f1a\" data-element_type=\"container\" data-e-type=\"container\">\n\t\t\t\t\t<div class=\"e-con-inner\">\n\t\t<div class=\"elementor-element elementor-element-29359f1 e-con-full e-flex e-con e-child\" data-id=\"29359f1\" data-element_type=\"container\" data-e-type=\"container\">\n\t\t\t\t<div class=\"elementor-element elementor-element-c59e26c elementor-widget elementor-widget-text-editor\" data-id=\"c59e26c\" data-element_type=\"widget\" data-e-type=\"widget\" data-widget_type=\"text-editor.default\">\n\t\t\t\t<div class=\"elementor-widget-container\">\n\t\t\t\t\t\t\t\t\t<p>Dadurch entstehen vielf\u00e4ltige Anwendungen der Bioelektronik. In der Medizin werden Biosignale f\u00fcr Diagnostik, Monitoring und Neurotechnik genutzt. Brain-Computer Interfaces \u00fcbersetzen Hirnaktivit\u00e4t in Steuerbefehle f\u00fcr Computer oder Prothesen. Wearables erm\u00f6glichen kontinuierliches Gesundheitsmonitoring im Alltag. In der Landwirtschaft helfen bioelektronische Systeme dabei, Pflanzenstress fr\u00fchzeitig zu erkennen und Ressourcen effizienter einzusetzen.<\/p>\t\t\t\t\t\t\t\t<\/div>\n\t\t\t\t<\/div>\n\t\t\t\t<\/div>\n\t\t<div class=\"elementor-element elementor-element-437fa42 e-con-full e-flex e-con e-child\" data-id=\"437fa42\" data-element_type=\"container\" data-e-type=\"container\">\n\t\t\t\t<div class=\"elementor-element elementor-element-49a30e4 elementor-widget elementor-widget-image\" data-id=\"49a30e4\" data-element_type=\"widget\" data-e-type=\"widget\" data-widget_type=\"image.default\">\n\t\t\t\t<div class=\"elementor-widget-container\">\n\t\t\t\t\t\t\t\t\t\t\t\t\t\t\t\t<a href=\"http:\/\/bee-informed.de\/wp-content\/uploads\/2026\/05\/element-551035-Dadurch-entstehen-vielfltige-A.png\">\n\t\t\t\t\t\t\t<img loading=\"lazy\" decoding=\"async\" width=\"800\" height=\"800\" src=\"https:\/\/bee-informed.de\/wp-content\/uploads\/2026\/05\/element-551035-Dadurch-entstehen-vielfltige-A.png\" class=\"attachment-large size-large wp-image-908\" alt=\"\" srcset=\"https:\/\/bee-informed.de\/wp-content\/uploads\/2026\/05\/element-551035-Dadurch-entstehen-vielfltige-A.png 1024w, https:\/\/bee-informed.de\/wp-content\/uploads\/2026\/05\/element-551035-Dadurch-entstehen-vielfltige-A-300x300.png 300w, https:\/\/bee-informed.de\/wp-content\/uploads\/2026\/05\/element-551035-Dadurch-entstehen-vielfltige-A-150x150.png 150w, https:\/\/bee-informed.de\/wp-content\/uploads\/2026\/05\/element-551035-Dadurch-entstehen-vielfltige-A-768x768.png 768w, https:\/\/bee-informed.de\/wp-content\/uploads\/2026\/05\/element-551035-Dadurch-entstehen-vielfltige-A-12x12.png 12w\" sizes=\"(max-width: 800px) 100vw, 800px\" \/>\t\t\t\t\t\t\t\t<\/a>\n\t\t\t\t\t\t\t\t\t\t\t\t\t\t\t<\/div>\n\t\t\t\t<\/div>\n\t\t\t\t<\/div>\n\t\t<div class=\"elementor-element elementor-element-ea67875 e-con-full e-flex e-con e-child\" data-id=\"ea67875\" data-element_type=\"container\" data-e-type=\"container\">\n\t\t\t\t<div class=\"elementor-element elementor-element-b8dded0 elementor-widget elementor-widget-image\" data-id=\"b8dded0\" data-element_type=\"widget\" data-e-type=\"widget\" data-widget_type=\"image.default\">\n\t\t\t\t<div class=\"elementor-widget-container\">\n\t\t\t\t\t\t\t\t\t\t\t\t\t\t\t\t<a href=\"http:\/\/bee-informed.de\/wp-content\/uploads\/2026\/05\/element-551043-Bioelektronik-verbindet-damit-.png\">\n\t\t\t\t\t\t\t<img loading=\"lazy\" decoding=\"async\" width=\"800\" height=\"800\" src=\"https:\/\/bee-informed.de\/wp-content\/uploads\/2026\/05\/element-551043-Bioelektronik-verbindet-damit-1-1.png\" class=\"attachment-large size-large wp-image-910\" alt=\"\" srcset=\"https:\/\/bee-informed.de\/wp-content\/uploads\/2026\/05\/element-551043-Bioelektronik-verbindet-damit-1-1.png 1024w, https:\/\/bee-informed.de\/wp-content\/uploads\/2026\/05\/element-551043-Bioelektronik-verbindet-damit-1-1-300x300.png 300w, https:\/\/bee-informed.de\/wp-content\/uploads\/2026\/05\/element-551043-Bioelektronik-verbindet-damit-1-1-150x150.png 150w, https:\/\/bee-informed.de\/wp-content\/uploads\/2026\/05\/element-551043-Bioelektronik-verbindet-damit-1-1-768x768.png 768w, https:\/\/bee-informed.de\/wp-content\/uploads\/2026\/05\/element-551043-Bioelektronik-verbindet-damit-1-1-12x12.png 12w\" sizes=\"(max-width: 800px) 100vw, 800px\" \/>\t\t\t\t\t\t\t\t<\/a>\n\t\t\t\t\t\t\t\t\t\t\t\t\t\t\t<\/div>\n\t\t\t\t<\/div>\n\t\t\t\t<\/div>\n\t\t<div class=\"elementor-element elementor-element-d43b960 e-con-full e-flex e-con e-child\" data-id=\"d43b960\" data-element_type=\"container\" data-e-type=\"container\">\n\t\t\t\t<div class=\"elementor-element elementor-element-d40f8b7 elementor-widget elementor-widget-text-editor\" data-id=\"d40f8b7\" data-element_type=\"widget\" data-e-type=\"widget\" data-widget_type=\"text-editor.default\">\n\t\t\t\t<div class=\"elementor-widget-container\">\n\t\t\t\t\t\t\t\t\t<p>Bioelektronik verbindet damit Biologie, Elektronik, Signalverarbeitung und Datenanalyse zu einem interdisziplin\u00e4ren Forschungs- und Technologiefeld. Mit der Entwicklung flexibler Sensorik, intelligenter Implantate und KI-gest\u00fctzter Systeme gewinnt das Fachgebiet zunehmend an Bedeutung und entwickelt sich zu einer zentralen Schnittstelle zwischen Ingenieurwissenschaften und Lebenswissenschaften.<\/p><h6><strong>Der grundlegende Ablauf moderner bioelektronischer Systeme l\u00e4sst sich dabei auf ein zentrales Prinzip reduzieren:<\/strong><\/h6><h6><strong><span style=\"color: #008080;\">Biologie \u2192 Signal \u2192 Messung \u2192 Analyse \u2192 Entscheidung \u2192 Anwendung<\/span><\/strong><\/h6>\t\t\t\t\t\t\t\t<\/div>\n\t\t\t\t<\/div>\n\t\t\t\t<\/div>\n\t\t\t\t\t<\/div>\n\t\t\t\t<\/div>\n\t\t\t\t<\/div>","protected":false},"excerpt":{"rendered":"<p>Einf\u00fchrung in die Bioelektronik Bioelektronik besch\u00e4ftigt sich mit der Wechselwirkung zwischen biologischen Systemen und elektronischer Technologie. Ziel ist es, biologische Prozesse elektrisch messbar zu machen, diese Signale zu analysieren und daraus Informationen \u00fcber den Zustand eines Systems zu gewinnen. Grundlage daf\u00fcr ist die elektrische Aktivit\u00e4t biologischer Zellen. Durch die Bewegung von Ionen \u00fcber Zellmembranen entstehen [&hellip;]<\/p>\n","protected":false},"author":1,"featured_media":0,"parent":0,"menu_order":0,"comment_status":"closed","ping_status":"closed","template":"","meta":{"footnotes":""},"class_list":["post-901","page","type-page","status-publish","hentry"],"_links":{"self":[{"href":"https:\/\/bee-informed.de\/en\/wp-json\/wp\/v2\/pages\/901","targetHints":{"allow":["GET"]}}],"collection":[{"href":"https:\/\/bee-informed.de\/en\/wp-json\/wp\/v2\/pages"}],"about":[{"href":"https:\/\/bee-informed.de\/en\/wp-json\/wp\/v2\/types\/page"}],"author":[{"embeddable":true,"href":"https:\/\/bee-informed.de\/en\/wp-json\/wp\/v2\/users\/1"}],"replies":[{"embeddable":true,"href":"https:\/\/bee-informed.de\/en\/wp-json\/wp\/v2\/comments?post=901"}],"version-history":[{"count":4,"href":"https:\/\/bee-informed.de\/en\/wp-json\/wp\/v2\/pages\/901\/revisions"}],"predecessor-version":[{"id":913,"href":"https:\/\/bee-informed.de\/en\/wp-json\/wp\/v2\/pages\/901\/revisions\/913"}],"wp:attachment":[{"href":"https:\/\/bee-informed.de\/en\/wp-json\/wp\/v2\/media?parent=901"}],"curies":[{"name":"wp","href":"https:\/\/api.w.org\/{rel}","templated":true}]}}